{"id":795,"date":"2022-04-28T13:04:30","date_gmt":"2022-04-28T18:04:30","guid":{"rendered":"https:\/\/consultingsiqi.com\/Shop\/?post_type=product&#038;p=795"},"modified":"2022-05-28T01:34:58","modified_gmt":"2022-05-28T06:34:58","slug":"hp-240-g8-14-intel-celeron-n4020-disco-duro-500-gb-ram-4-gb-windows-10-home","status":"publish","type":"product","link":"https:\/\/consultingsiqi.com\/Shop\/product\/hp-240-g8-14-intel-celeron-n4020-disco-duro-500-gb-ram-4-gb-windows-10-home\/","title":{"rendered":"HP 240 G8 14&#8243; Intel Celeron N4020 Disco duro 500 GB Ram 4 GB Windows 10 Home"},"content":{"rendered":"<h4>Dise\u00f1o hermoso y ligero<\/h4>\n<p>La laptop HP 240 sigue el ritmo de estilos de trabajo m\u00f3viles gracias a un dise\u00f1o delgado y ligero. La hermosa pantalla con su angosto borde y relaci\u00f3n de pantalla y cuerpo grande brinda amplio espacio para trabajar o reproducir contenido.<\/p>\n<h4>Dise\u00f1ada para trabajar y lista para la diversi\u00f3n<\/h4>\n<p>Complete proyectos con seguridad gracias a la tecnolog\u00eda m\u00e1s reciente, que incluye un potente procesador Intel\u00ae[2], memoria y almacenamiento.<\/p>\n<h4>Conexi\u00f3n excepcional<\/h4>\n<p>Esta laptop est\u00e1 lista para conectarse a todos sus perif\u00e9ricos y se dise\u00f1\u00f3 para satisfacer las necesidades empresariales con un puerto de datos USB Type-C\u00ae, un puerto RJ-45 y un puerto HDMI.<\/p>\n<table id=\"Caracteristicas_Generales\" class=\" table table-striped\" border=\"0\">\n<tbody>\n<tr>\n<td>Marca:<\/td>\n<td>HP<\/td>\n<\/tr>\n<tr>\n<td>Art\u00edculo:<\/td>\n<td>Laptop<\/td>\n<\/tr>\n<tr>\n<td>Serie:<\/td>\n<td>240<\/td>\n<\/tr>\n<tr>\n<td>Procesador:<\/td>\n<td>Intel\u00ae Celeron\u00ae N4020 (frecuencia base de 1,1 GHz, frecuencia de r\u00e1faga de hasta 2,8 GHz, 4 MB de cach\u00e9 L2 y 2 n\u00facleos)<\/td>\n<\/tr>\n<tr>\n<td>Sistema operativo:<\/td>\n<td>Windows 10 Home Single Language 64<\/td>\n<\/tr>\n<tr>\n<td>Disco duro:<\/td>\n<td>SATA de 500 GB y 5400 rpm<\/td>\n<\/tr>\n<tr>\n<td>Memoria:<\/td>\n<td>4 GB de RAM DDR4-2400 MHz (1 x 4 GB)<\/td>\n<\/tr>\n<tr>\n<td>Pantalla:<\/td>\n<td>HD, antirreflectante, de bisel angosto, 35,6 cm (14&#8243;) en diagonal, 250 nits y 45 % de NTSC (1366 x 768)<\/td>\n<\/tr>\n<tr>\n<td>C\u00e1mara:<\/td>\n<td>HD de 720p<\/td>\n<\/tr>\n<tr>\n<td>Gr\u00e1ficos:<\/td>\n<td>Intel\u00ae UHD<\/td>\n<\/tr>\n<tr>\n<td>Gesti\u00f3n de seguridad:<\/td>\n<td>TPM 2.0<\/td>\n<\/tr>\n<tr>\n<td>Unidad \u00f3ptica:<\/td>\n<td>No<\/td>\n<\/tr>\n<tr>\n<td>Puertos:<\/td>\n<td>Velocidad de se\u00f1alizaci\u00f3n de 5 Gb\/s y 2 USB SuperSpeed Type-A; Velocidad de se\u00f1alizaci\u00f3n de 5 Gb\/s y 1 USB SuperSpeed Type-C\u00ae; 1 RJ-45; 1 combinaci\u00f3n de auriculares y micr\u00f3fono; 1 HDMI 1.4b; 1 alimentaci\u00f3n de CA<\/td>\n<\/tr>\n<tr>\n<td>Ranuras de expansi\u00f3n:<\/td>\n<td>1 lector de medios digitales multiformato<\/td>\n<\/tr>\n<tr>\n<td>Funciones de audio:<\/td>\n<td>Altavoces est\u00e9reo, micr\u00f3fono digital integrado<\/td>\n<\/tr>\n<tr>\n<td>Teclado:<\/td>\n<td>Teclado estilo isla de tama\u00f1o completo, resistente a salpicaduras y derrames<\/td>\n<\/tr>\n<tr>\n<td>Conectividad:<\/td>\n<td>Combinaci\u00f3n de Intel\u00ae 802.11a\/b\/g\/n\/ac (1&#215;1) Wi-Fi\u00ae y Bluetooth\u00ae 4.2<\/td>\n<\/tr>\n<tr>\n<td>Alimentaci\u00f3n:<\/td>\n<td>Adaptador de alimentaci\u00f3n externa de CA de 45W HP Smart<\/td>\n<\/tr>\n<tr>\n<td>Tipo de bater\u00eda:<\/td>\n<td>Iones de litio de 3 celdas y 41 Wh de larga duraci\u00f3n HP<\/td>\n<\/tr>\n<tr>\n<td>Dimensiones:<\/td>\n<td>32.4 cm x 22.59 cm x 1.99 cm<\/td>\n<\/tr>\n<tr>\n<td>Peso:<\/td>\n<td>Inicial de 1,47 Kg<\/td>\n<\/tr>\n<\/tbody>\n<\/table>\n","protected":false},"excerpt":{"rendered":"<h6>Dise\u00f1o hermoso y ligero<\/h6>\n<p>La laptop HP 240 sigue el ritmo de estilos de trabajo m\u00f3viles gracias a un dise\u00f1o delgado y ligero. La hermosa pantalla con su angosto borde y relaci\u00f3n de pantalla y cuerpo grande brinda amplio espacio para trabajar o reproducir contenido.<\/p>\n<h6>Dise\u00f1ada para trabajar y lista para la diversi\u00f3n<\/h6>\n<p>Complete proyectos con seguridad gracias a la tecnolog\u00eda m\u00e1s reciente, que incluye un potente procesador Intel\u00ae[2], memoria y almacenamiento.<\/p>\n<h6>Conexi\u00f3n excepcional<\/h6>\n<p>Esta laptop est\u00e1 lista para conectarse a todos sus perif\u00e9ricos y se dise\u00f1\u00f3 para satisfacer las necesidades empresariales con un puerto de datos USB Type-C\u00ae, un puerto RJ-45 y un puerto HDMI.<\/p>\n","protected":false},"featured_media":798,"comment_status":"open","ping_status":"closed","template":"","meta":{"_seopress_robots_primary_cat":"none"},"product_cat":[52,132,54,56,55],"product_tag":[],"yoast_head":"<!-- This site is optimized with the Yoast SEO plugin v21.6 - https:\/\/yoast.com\/wordpress\/plugins\/seo\/ -->\n<title>HP 240 G8 ideal para navegar y realizar tareas sencillas en hogar y oficina<\/title>\n<meta name=\"description\" content=\"HP 240 G8 14&quot; Intel Celeron N4020 , ideal para tareas sencillas de hogar y oficina, Experiencias en Tecnolog\u00eda, CsiqiShop te ofrece, experiencias en tecnolog\u00eda, para que puedas comprar lo que necesitas y llaguen directo hasta tu domicilio.\" \/>\n<meta name=\"robots\" content=\"index, follow, max-snippet:-1, max-image-preview:large, max-video-preview:-1\" \/>\n<link rel=\"canonical\" href=\"https:\/\/consultingsiqi.com\/Shop\/product\/hp-240-g8-14-intel-celeron-n4020-disco-duro-500-gb-ram-4-gb-windows-10-home\/\" \/>\n<meta property=\"og:locale\" content=\"es_MX\" \/>\n<meta property=\"og:type\" content=\"article\" \/>\n<meta property=\"og:title\" content=\"HP 240 G8 ideal para navegar y realizar tareas sencillas en hogar y oficina\" \/>\n<meta property=\"og:description\" content=\"HP 240 G8 14&quot; Intel Celeron N4020 , ideal para tareas sencillas de hogar y oficina, Experiencias en Tecnolog\u00eda, CsiqiShop te ofrece, experiencias en tecnolog\u00eda, para que puedas comprar lo que necesitas y llaguen directo hasta tu domicilio.\" \/>\n<meta property=\"og:url\" content=\"https:\/\/consultingsiqi.com\/Shop\/product\/hp-240-g8-14-intel-celeron-n4020-disco-duro-500-gb-ram-4-gb-windows-10-home\/\" \/>\n<meta property=\"og:site_name\" content=\"Csiqi Shop\" \/>\n<meta property=\"article:publisher\" content=\"https:\/\/www.facebook.com\/ConsultigSIQI\" \/>\n<meta property=\"article:modified_time\" content=\"2022-05-28T06:34:58+00:00\" \/>\n<meta property=\"og:image\" content=\"https:\/\/consultingsiqi.com\/Shop\/wp-content\/uploads\/2022\/04\/2R0U2LTABM.jpg\" \/>\n\t<meta property=\"og:image:width\" content=\"433\" \/>\n\t<meta property=\"og:image:height\" content=\"433\" \/>\n\t<meta property=\"og:image:type\" content=\"image\/jpeg\" \/>\n<meta name=\"twitter:card\" content=\"summary_large_image\" \/>\n<meta name=\"twitter:site\" content=\"@consultingsiqi\" \/>\n<meta name=\"twitter:label1\" content=\"Tiempo de lectura\" \/>\n\t<meta name=\"twitter:data1\" content=\"2 minutos\" \/>\n<script type=\"application\/ld+json\" class=\"yoast-schema-graph\">{\"@context\":\"https:\/\/schema.org\",\"@graph\":[{\"@type\":\"WebPage\",\"@id\":\"https:\/\/consultingsiqi.com\/Shop\/product\/hp-240-g8-14-intel-celeron-n4020-disco-duro-500-gb-ram-4-gb-windows-10-home\/\",\"url\":\"https:\/\/consultingsiqi.com\/Shop\/product\/hp-240-g8-14-intel-celeron-n4020-disco-duro-500-gb-ram-4-gb-windows-10-home\/\",\"name\":\"HP 240 G8 ideal para navegar y realizar tareas sencillas en hogar y oficina\",\"isPartOf\":{\"@id\":\"https:\/\/consultingsiqi.com\/Shop\/#website\"},\"datePublished\":\"2022-04-28T18:04:30+00:00\",\"dateModified\":\"2022-05-28T06:34:58+00:00\",\"description\":\"HP 240 G8 14\\\" Intel Celeron N4020 , ideal para tareas sencillas de hogar y oficina, Experiencias en Tecnolog\u00eda, CsiqiShop te ofrece, experiencias en tecnolog\u00eda, para que puedas comprar lo que necesitas y llaguen directo hasta tu domicilio.\",\"breadcrumb\":{\"@id\":\"https:\/\/consultingsiqi.com\/Shop\/product\/hp-240-g8-14-intel-celeron-n4020-disco-duro-500-gb-ram-4-gb-windows-10-home\/#breadcrumb\"},\"inLanguage\":\"es-MX\",\"potentialAction\":[{\"@type\":\"ReadAction\",\"target\":[\"https:\/\/consultingsiqi.com\/Shop\/product\/hp-240-g8-14-intel-celeron-n4020-disco-duro-500-gb-ram-4-gb-windows-10-home\/\"]}]},{\"@type\":\"BreadcrumbList\",\"@id\":\"https:\/\/consultingsiqi.com\/Shop\/product\/hp-240-g8-14-intel-celeron-n4020-disco-duro-500-gb-ram-4-gb-windows-10-home\/#breadcrumb\",\"itemListElement\":[{\"@type\":\"ListItem\",\"position\":1,\"name\":\"Home\",\"item\":\"https:\/\/consultingsiqi.com\/Shop\/\"},{\"@type\":\"ListItem\",\"position\":2,\"name\":\"Shop\",\"item\":\"https:\/\/consultingsiqi.com\/Shop\/shop\/\"},{\"@type\":\"ListItem\",\"position\":3,\"name\":\"HP 240 G8 14&#8243; Intel Celeron N4020 Disco duro 500 GB Ram 4 GB Windows 10 Home\"}]},{\"@type\":\"WebSite\",\"@id\":\"https:\/\/consultingsiqi.com\/Shop\/#website\",\"url\":\"https:\/\/consultingsiqi.com\/Shop\/\",\"name\":\"Csiqi Shop\",\"description\":\"Disfruta de la mejor tecnolog\u00eda al mejor precio.\",\"publisher\":{\"@id\":\"https:\/\/consultingsiqi.com\/Shop\/#organization\"},\"potentialAction\":[{\"@type\":\"SearchAction\",\"target\":{\"@type\":\"EntryPoint\",\"urlTemplate\":\"https:\/\/consultingsiqi.com\/Shop\/?s={search_term_string}\"},\"query-input\":\"required name=search_term_string\"}],\"inLanguage\":\"es-MX\"},{\"@type\":\"Organization\",\"@id\":\"https:\/\/consultingsiqi.com\/Shop\/#organization\",\"name\":\"consultingsiqi\/Shop\",\"url\":\"https:\/\/consultingsiqi.com\/Shop\/\",\"logo\":{\"@type\":\"ImageObject\",\"inLanguage\":\"es-MX\",\"@id\":\"https:\/\/consultingsiqi.com\/Shop\/#\/schema\/logo\/image\/\",\"url\":\"https:\/\/consultingsiqi.com\/Shop\/wp-content\/uploads\/2020\/04\/LogoCSIQI-SINFONDO.png\",\"contentUrl\":\"https:\/\/consultingsiqi.com\/Shop\/wp-content\/uploads\/2020\/04\/LogoCSIQI-SINFONDO.png\",\"width\":1533,\"height\":1532,\"caption\":\"consultingsiqi\/Shop\"},\"image\":{\"@id\":\"https:\/\/consultingsiqi.com\/Shop\/#\/schema\/logo\/image\/\"},\"sameAs\":[\"https:\/\/www.facebook.com\/ConsultigSIQI\",\"https:\/\/twitter.com\/consultingsiqi\",\"https:\/\/www.instagram.com\/consultingsiqi\/?hl=es-la\",\"https:\/\/www.youtube.com\/channel\/UCvJm6kDCyZb0GLinsQHT64g\"]}]}<\/script>\n<!-- \/ Yoast SEO plugin. -->","yoast_head_json":{"title":"HP 240 G8 ideal para navegar y realizar tareas sencillas en hogar y oficina","description":"HP 240 G8 14\" Intel Celeron N4020 , ideal para tareas sencillas de hogar y oficina, Experiencias en Tecnolog\u00eda, CsiqiShop te ofrece, experiencias en tecnolog\u00eda, para que puedas comprar lo que necesitas y llaguen directo hasta tu domicilio.","robots":{"index":"index","follow":"follow","max-snippet":"max-snippet:-1","max-image-preview":"max-image-preview:large","max-video-preview":"max-video-preview:-1"},"canonical":"https:\/\/consultingsiqi.com\/Shop\/product\/hp-240-g8-14-intel-celeron-n4020-disco-duro-500-gb-ram-4-gb-windows-10-home\/","og_locale":"es_MX","og_type":"article","og_title":"HP 240 G8 ideal para navegar y realizar tareas sencillas en hogar y oficina","og_description":"HP 240 G8 14\" Intel Celeron N4020 , ideal para tareas sencillas de hogar y oficina, Experiencias en Tecnolog\u00eda, CsiqiShop te ofrece, experiencias en tecnolog\u00eda, para que puedas comprar lo que necesitas y llaguen directo hasta tu domicilio.","og_url":"https:\/\/consultingsiqi.com\/Shop\/product\/hp-240-g8-14-intel-celeron-n4020-disco-duro-500-gb-ram-4-gb-windows-10-home\/","og_site_name":"Csiqi Shop","article_publisher":"https:\/\/www.facebook.com\/ConsultigSIQI","article_modified_time":"2022-05-28T06:34:58+00:00","og_image":[{"width":433,"height":433,"url":"https:\/\/consultingsiqi.com\/Shop\/wp-content\/uploads\/2022\/04\/2R0U2LTABM.jpg","type":"image\/jpeg"}],"twitter_card":"summary_large_image","twitter_site":"@consultingsiqi","twitter_misc":{"Tiempo de lectura":"2 minutos"},"schema":{"@context":"https:\/\/schema.org","@graph":[{"@type":"WebPage","@id":"https:\/\/consultingsiqi.com\/Shop\/product\/hp-240-g8-14-intel-celeron-n4020-disco-duro-500-gb-ram-4-gb-windows-10-home\/","url":"https:\/\/consultingsiqi.com\/Shop\/product\/hp-240-g8-14-intel-celeron-n4020-disco-duro-500-gb-ram-4-gb-windows-10-home\/","name":"HP 240 G8 ideal para navegar y realizar tareas sencillas en hogar y oficina","isPartOf":{"@id":"https:\/\/consultingsiqi.com\/Shop\/#website"},"datePublished":"2022-04-28T18:04:30+00:00","dateModified":"2022-05-28T06:34:58+00:00","description":"HP 240 G8 14\" Intel Celeron N4020 , ideal para tareas sencillas de hogar y oficina, Experiencias en Tecnolog\u00eda, CsiqiShop te ofrece, experiencias en tecnolog\u00eda, para que puedas comprar lo que necesitas y llaguen directo hasta tu domicilio.","breadcrumb":{"@id":"https:\/\/consultingsiqi.com\/Shop\/product\/hp-240-g8-14-intel-celeron-n4020-disco-duro-500-gb-ram-4-gb-windows-10-home\/#breadcrumb"},"inLanguage":"es-MX","potentialAction":[{"@type":"ReadAction","target":["https:\/\/consultingsiqi.com\/Shop\/product\/hp-240-g8-14-intel-celeron-n4020-disco-duro-500-gb-ram-4-gb-windows-10-home\/"]}]},{"@type":"BreadcrumbList","@id":"https:\/\/consultingsiqi.com\/Shop\/product\/hp-240-g8-14-intel-celeron-n4020-disco-duro-500-gb-ram-4-gb-windows-10-home\/#breadcrumb","itemListElement":[{"@type":"ListItem","position":1,"name":"Home","item":"https:\/\/consultingsiqi.com\/Shop\/"},{"@type":"ListItem","position":2,"name":"Shop","item":"https:\/\/consultingsiqi.com\/Shop\/shop\/"},{"@type":"ListItem","position":3,"name":"HP 240 G8 14&#8243; Intel Celeron N4020 Disco duro 500 GB Ram 4 GB Windows 10 Home"}]},{"@type":"WebSite","@id":"https:\/\/consultingsiqi.com\/Shop\/#website","url":"https:\/\/consultingsiqi.com\/Shop\/","name":"Csiqi Shop","description":"Disfruta de la mejor tecnolog\u00eda al mejor precio.","publisher":{"@id":"https:\/\/consultingsiqi.com\/Shop\/#organization"},"potentialAction":[{"@type":"SearchAction","target":{"@type":"EntryPoint","urlTemplate":"https:\/\/consultingsiqi.com\/Shop\/?s={search_term_string}"},"query-input":"required name=search_term_string"}],"inLanguage":"es-MX"},{"@type":"Organization","@id":"https:\/\/consultingsiqi.com\/Shop\/#organization","name":"consultingsiqi\/Shop","url":"https:\/\/consultingsiqi.com\/Shop\/","logo":{"@type":"ImageObject","inLanguage":"es-MX","@id":"https:\/\/consultingsiqi.com\/Shop\/#\/schema\/logo\/image\/","url":"https:\/\/consultingsiqi.com\/Shop\/wp-content\/uploads\/2020\/04\/LogoCSIQI-SINFONDO.png","contentUrl":"https:\/\/consultingsiqi.com\/Shop\/wp-content\/uploads\/2020\/04\/LogoCSIQI-SINFONDO.png","width":1533,"height":1532,"caption":"consultingsiqi\/Shop"},"image":{"@id":"https:\/\/consultingsiqi.com\/Shop\/#\/schema\/logo\/image\/"},"sameAs":["https:\/\/www.facebook.com\/ConsultigSIQI","https:\/\/twitter.com\/consultingsiqi","https:\/\/www.instagram.com\/consultingsiqi\/?hl=es-la","https:\/\/www.youtube.com\/channel\/UCvJm6kDCyZb0GLinsQHT64g"]}]}},"_links":{"self":[{"href":"https:\/\/consultingsiqi.com\/Shop\/wp-json\/wp\/v2\/product\/795"}],"collection":[{"href":"https:\/\/consultingsiqi.com\/Shop\/wp-json\/wp\/v2\/product"}],"about":[{"href":"https:\/\/consultingsiqi.com\/Shop\/wp-json\/wp\/v2\/types\/product"}],"replies":[{"embeddable":true,"href":"https:\/\/consultingsiqi.com\/Shop\/wp-json\/wp\/v2\/comments?post=795"}],"wp:featuredmedia":[{"embeddable":true,"href":"https:\/\/consultingsiqi.com\/Shop\/wp-json\/wp\/v2\/media\/798"}],"wp:attachment":[{"href":"https:\/\/consultingsiqi.com\/Shop\/wp-json\/wp\/v2\/media?parent=795"}],"wp:term":[{"taxonomy":"product_cat","embeddable":true,"href":"https:\/\/consultingsiqi.com\/Shop\/wp-json\/wp\/v2\/product_cat?post=795"},{"taxonomy":"product_tag","embeddable":true,"href":"https:\/\/consultingsiqi.com\/Shop\/wp-json\/wp\/v2\/product_tag?post=795"}],"curies":[{"name":"wp","href":"https:\/\/api.w.org\/{rel}","templated":true}]}}