{"id":772,"date":"2022-04-28T12:17:50","date_gmt":"2022-04-28T17:17:50","guid":{"rendered":"https:\/\/consultingsiqi.com\/Shop\/?post_type=product&#038;p=772"},"modified":"2022-05-01T00:09:13","modified_gmt":"2022-05-01T05:09:13","slug":"silla-gamer-xzeal-xz30-respaldo-con-150-grados","status":"publish","type":"product","link":"https:\/\/consultingsiqi.com\/Shop\/product\/silla-gamer-xzeal-xz30-respaldo-con-150-grados\/","title":{"rendered":"Silla Gamer Xzeal XZ30 Respaldo con 150 Grados"},"content":{"rendered":"<table id=\"Caracteristicas_Generales\" class=\" table table-striped\" border=\"0\">\n<tbody>\n<tr>\n<td>Marca:<\/td>\n<td>Xzeal<\/td>\n<\/tr>\n<tr>\n<td>Art\u00edculo:<\/td>\n<td>Silla Gamer<\/td>\n<\/tr>\n<tr>\n<td>Serie:<\/td>\n<td>Real Gamers<\/td>\n<\/tr>\n<tr>\n<td>Modelo:<\/td>\n<td>XZ30<\/td>\n<\/tr>\n<tr>\n<td>Color:<\/td>\n<td>Naranja<\/td>\n<\/tr>\n<tr>\n<td>Respaldo:<\/td>\n<td>150 grados de giro en el respaldo, acom\u00f3dalo para la batalla<\/td>\n<\/tr>\n<tr>\n<td>Pist\u00f3n:<\/td>\n<td>De clase 3, de alto impacto, el peso no es un limite<\/td>\n<\/tr>\n<tr>\n<td>Foam:<\/td>\n<td>Original de alta densidad que crea la comodidad perfecta<\/td>\n<\/tr>\n<tr>\n<td>Estrella:<\/td>\n<td>4 soportes met\u00e1licos con pl\u00e1stico resistentes para d\u00edas y noches de partidas<\/td>\n<\/tr>\n<tr>\n<td>Brazo:<\/td>\n<td>Brazos ergon\u00f3micos sin giro<\/td>\n<\/tr>\n<tr>\n<td>Cuerpo:<\/td>\n<td>Base met\u00e1lica de acero con soportes reforzados, para mayor estabilidad<\/td>\n<\/tr>\n<tr>\n<td>Malla:<\/td>\n<td>Malla con vinil textil que te dan el confort para pasar los d\u00edas<\/td>\n<\/tr>\n<tr>\n<td>Dimensiones:<\/td>\n<td>85 cm x 66 cm x 33 cm<\/td>\n<\/tr>\n<tr>\n<td>Peso:<\/td>\n<td>23.9 kg<\/td>\n<\/tr>\n<\/tbody>\n<\/table>\n","protected":false},"excerpt":{"rendered":"<p>Silla Gamer Xzeal XZ30 Malla con Vinil Textil Respaldo con 150 Grados de Giro Color Naranja<\/p>\n","protected":false},"featured_media":774,"comment_status":"open","ping_status":"closed","template":"","meta":{"_seopress_robots_primary_cat":"none"},"product_cat":[107,182,206],"product_tag":[],"yoast_head":"<!-- This site is optimized with the Yoast SEO plugin v21.6 - https:\/\/yoast.com\/wordpress\/plugins\/seo\/ -->\n<title>Disfruta de la mejor tecnolog\u00eda al mejor precio.<\/title>\n<meta name=\"description\" content=\"La mejor silla costo beneficio para gammers como tu que necesitan confort mientras hacen lo que mas disfrutan, CsiqiShop te ofrece, experiencias en tecnolog\u00eda, para que puedas comprar lo que necesitas y lleguen directo hasta tu domicilio.\" \/>\n<meta name=\"robots\" content=\"index, follow, max-snippet:-1, max-image-preview:large, max-video-preview:-1\" \/>\n<link rel=\"canonical\" href=\"https:\/\/consultingsiqi.com\/Shop\/product\/silla-gamer-xzeal-xz30-respaldo-con-150-grados\/\" \/>\n<meta property=\"og:locale\" content=\"es_MX\" \/>\n<meta property=\"og:type\" content=\"article\" \/>\n<meta property=\"og:title\" content=\"Disfruta de la mejor tecnolog\u00eda al mejor precio.\" \/>\n<meta property=\"og:description\" content=\"La mejor silla costo beneficio para gammers como tu que necesitan confort mientras hacen lo que mas disfrutan, CsiqiShop te ofrece, experiencias en tecnolog\u00eda, para que puedas comprar lo que necesitas y lleguen directo hasta tu domicilio.\" \/>\n<meta property=\"og:url\" content=\"https:\/\/consultingsiqi.com\/Shop\/product\/silla-gamer-xzeal-xz30-respaldo-con-150-grados\/\" \/>\n<meta property=\"og:site_name\" content=\"Csiqi Shop\" \/>\n<meta property=\"article:publisher\" content=\"https:\/\/www.facebook.com\/ConsultigSIQI\" \/>\n<meta property=\"article:modified_time\" content=\"2022-05-01T05:09:13+00:00\" \/>\n<meta property=\"og:image\" content=\"https:\/\/consultingsiqi.com\/Shop\/wp-content\/uploads\/2022\/04\/XZSXZ30O.jpg\" \/>\n\t<meta property=\"og:image:width\" content=\"433\" \/>\n\t<meta property=\"og:image:height\" content=\"433\" \/>\n\t<meta property=\"og:image:type\" content=\"image\/jpeg\" \/>\n<meta name=\"twitter:card\" content=\"summary_large_image\" \/>\n<meta name=\"twitter:site\" content=\"@consultingsiqi\" \/>\n<meta name=\"twitter:label1\" content=\"Tiempo de lectura\" \/>\n\t<meta name=\"twitter:data1\" content=\"1 minuto\" \/>\n<script type=\"application\/ld+json\" class=\"yoast-schema-graph\">{\"@context\":\"https:\/\/schema.org\",\"@graph\":[{\"@type\":\"WebPage\",\"@id\":\"https:\/\/consultingsiqi.com\/Shop\/product\/silla-gamer-xzeal-xz30-respaldo-con-150-grados\/\",\"url\":\"https:\/\/consultingsiqi.com\/Shop\/product\/silla-gamer-xzeal-xz30-respaldo-con-150-grados\/\",\"name\":\"Disfruta de la mejor tecnolog\u00eda al mejor precio.\",\"isPartOf\":{\"@id\":\"https:\/\/consultingsiqi.com\/Shop\/#website\"},\"datePublished\":\"2022-04-28T17:17:50+00:00\",\"dateModified\":\"2022-05-01T05:09:13+00:00\",\"description\":\"La mejor silla costo beneficio para gammers como tu que necesitan confort mientras hacen lo que mas disfrutan, CsiqiShop te ofrece, experiencias en tecnolog\u00eda, para que puedas comprar lo que necesitas y lleguen directo hasta tu domicilio.\",\"breadcrumb\":{\"@id\":\"https:\/\/consultingsiqi.com\/Shop\/product\/silla-gamer-xzeal-xz30-respaldo-con-150-grados\/#breadcrumb\"},\"inLanguage\":\"es-MX\",\"potentialAction\":[{\"@type\":\"ReadAction\",\"target\":[\"https:\/\/consultingsiqi.com\/Shop\/product\/silla-gamer-xzeal-xz30-respaldo-con-150-grados\/\"]}]},{\"@type\":\"BreadcrumbList\",\"@id\":\"https:\/\/consultingsiqi.com\/Shop\/product\/silla-gamer-xzeal-xz30-respaldo-con-150-grados\/#breadcrumb\",\"itemListElement\":[{\"@type\":\"ListItem\",\"position\":1,\"name\":\"Home\",\"item\":\"https:\/\/consultingsiqi.com\/Shop\/\"},{\"@type\":\"ListItem\",\"position\":2,\"name\":\"Shop\",\"item\":\"https:\/\/consultingsiqi.com\/Shop\/shop\/\"},{\"@type\":\"ListItem\",\"position\":3,\"name\":\"Silla Gamer Xzeal XZ30 Respaldo con 150 Grados\"}]},{\"@type\":\"WebSite\",\"@id\":\"https:\/\/consultingsiqi.com\/Shop\/#website\",\"url\":\"https:\/\/consultingsiqi.com\/Shop\/\",\"name\":\"Csiqi Shop\",\"description\":\"Disfruta de la mejor tecnolog\u00eda al mejor precio.\",\"publisher\":{\"@id\":\"https:\/\/consultingsiqi.com\/Shop\/#organization\"},\"potentialAction\":[{\"@type\":\"SearchAction\",\"target\":{\"@type\":\"EntryPoint\",\"urlTemplate\":\"https:\/\/consultingsiqi.com\/Shop\/?s={search_term_string}\"},\"query-input\":\"required name=search_term_string\"}],\"inLanguage\":\"es-MX\"},{\"@type\":\"Organization\",\"@id\":\"https:\/\/consultingsiqi.com\/Shop\/#organization\",\"name\":\"consultingsiqi\/Shop\",\"url\":\"https:\/\/consultingsiqi.com\/Shop\/\",\"logo\":{\"@type\":\"ImageObject\",\"inLanguage\":\"es-MX\",\"@id\":\"https:\/\/consultingsiqi.com\/Shop\/#\/schema\/logo\/image\/\",\"url\":\"https:\/\/consultingsiqi.com\/Shop\/wp-content\/uploads\/2020\/04\/LogoCSIQI-SINFONDO.png\",\"contentUrl\":\"https:\/\/consultingsiqi.com\/Shop\/wp-content\/uploads\/2020\/04\/LogoCSIQI-SINFONDO.png\",\"width\":1533,\"height\":1532,\"caption\":\"consultingsiqi\/Shop\"},\"image\":{\"@id\":\"https:\/\/consultingsiqi.com\/Shop\/#\/schema\/logo\/image\/\"},\"sameAs\":[\"https:\/\/www.facebook.com\/ConsultigSIQI\",\"https:\/\/twitter.com\/consultingsiqi\",\"https:\/\/www.instagram.com\/consultingsiqi\/?hl=es-la\",\"https:\/\/www.youtube.com\/channel\/UCvJm6kDCyZb0GLinsQHT64g\"]}]}<\/script>\n<!-- \/ Yoast SEO plugin. -->","yoast_head_json":{"title":"Disfruta de la mejor tecnolog\u00eda al mejor precio.","description":"La mejor silla costo beneficio para gammers como tu que necesitan confort mientras hacen lo que mas disfrutan, CsiqiShop te ofrece, experiencias en tecnolog\u00eda, para que puedas comprar lo que necesitas y lleguen directo hasta tu domicilio.","robots":{"index":"index","follow":"follow","max-snippet":"max-snippet:-1","max-image-preview":"max-image-preview:large","max-video-preview":"max-video-preview:-1"},"canonical":"https:\/\/consultingsiqi.com\/Shop\/product\/silla-gamer-xzeal-xz30-respaldo-con-150-grados\/","og_locale":"es_MX","og_type":"article","og_title":"Disfruta de la mejor tecnolog\u00eda al mejor precio.","og_description":"La mejor silla costo beneficio para gammers como tu que necesitan confort mientras hacen lo que mas disfrutan, CsiqiShop te ofrece, experiencias en tecnolog\u00eda, para que puedas comprar lo que necesitas y lleguen directo hasta tu domicilio.","og_url":"https:\/\/consultingsiqi.com\/Shop\/product\/silla-gamer-xzeal-xz30-respaldo-con-150-grados\/","og_site_name":"Csiqi Shop","article_publisher":"https:\/\/www.facebook.com\/ConsultigSIQI","article_modified_time":"2022-05-01T05:09:13+00:00","og_image":[{"width":433,"height":433,"url":"https:\/\/consultingsiqi.com\/Shop\/wp-content\/uploads\/2022\/04\/XZSXZ30O.jpg","type":"image\/jpeg"}],"twitter_card":"summary_large_image","twitter_site":"@consultingsiqi","twitter_misc":{"Tiempo de lectura":"1 minuto"},"schema":{"@context":"https:\/\/schema.org","@graph":[{"@type":"WebPage","@id":"https:\/\/consultingsiqi.com\/Shop\/product\/silla-gamer-xzeal-xz30-respaldo-con-150-grados\/","url":"https:\/\/consultingsiqi.com\/Shop\/product\/silla-gamer-xzeal-xz30-respaldo-con-150-grados\/","name":"Disfruta de la mejor tecnolog\u00eda al mejor precio.","isPartOf":{"@id":"https:\/\/consultingsiqi.com\/Shop\/#website"},"datePublished":"2022-04-28T17:17:50+00:00","dateModified":"2022-05-01T05:09:13+00:00","description":"La mejor silla costo beneficio para gammers como tu que necesitan confort mientras hacen lo que mas disfrutan, CsiqiShop te ofrece, experiencias en tecnolog\u00eda, para que puedas comprar lo que necesitas y lleguen directo hasta tu domicilio.","breadcrumb":{"@id":"https:\/\/consultingsiqi.com\/Shop\/product\/silla-gamer-xzeal-xz30-respaldo-con-150-grados\/#breadcrumb"},"inLanguage":"es-MX","potentialAction":[{"@type":"ReadAction","target":["https:\/\/consultingsiqi.com\/Shop\/product\/silla-gamer-xzeal-xz30-respaldo-con-150-grados\/"]}]},{"@type":"BreadcrumbList","@id":"https:\/\/consultingsiqi.com\/Shop\/product\/silla-gamer-xzeal-xz30-respaldo-con-150-grados\/#breadcrumb","itemListElement":[{"@type":"ListItem","position":1,"name":"Home","item":"https:\/\/consultingsiqi.com\/Shop\/"},{"@type":"ListItem","position":2,"name":"Shop","item":"https:\/\/consultingsiqi.com\/Shop\/shop\/"},{"@type":"ListItem","position":3,"name":"Silla Gamer Xzeal XZ30 Respaldo con 150 Grados"}]},{"@type":"WebSite","@id":"https:\/\/consultingsiqi.com\/Shop\/#website","url":"https:\/\/consultingsiqi.com\/Shop\/","name":"Csiqi Shop","description":"Disfruta de la mejor tecnolog\u00eda al mejor precio.","publisher":{"@id":"https:\/\/consultingsiqi.com\/Shop\/#organization"},"potentialAction":[{"@type":"SearchAction","target":{"@type":"EntryPoint","urlTemplate":"https:\/\/consultingsiqi.com\/Shop\/?s={search_term_string}"},"query-input":"required name=search_term_string"}],"inLanguage":"es-MX"},{"@type":"Organization","@id":"https:\/\/consultingsiqi.com\/Shop\/#organization","name":"consultingsiqi\/Shop","url":"https:\/\/consultingsiqi.com\/Shop\/","logo":{"@type":"ImageObject","inLanguage":"es-MX","@id":"https:\/\/consultingsiqi.com\/Shop\/#\/schema\/logo\/image\/","url":"https:\/\/consultingsiqi.com\/Shop\/wp-content\/uploads\/2020\/04\/LogoCSIQI-SINFONDO.png","contentUrl":"https:\/\/consultingsiqi.com\/Shop\/wp-content\/uploads\/2020\/04\/LogoCSIQI-SINFONDO.png","width":1533,"height":1532,"caption":"consultingsiqi\/Shop"},"image":{"@id":"https:\/\/consultingsiqi.com\/Shop\/#\/schema\/logo\/image\/"},"sameAs":["https:\/\/www.facebook.com\/ConsultigSIQI","https:\/\/twitter.com\/consultingsiqi","https:\/\/www.instagram.com\/consultingsiqi\/?hl=es-la","https:\/\/www.youtube.com\/channel\/UCvJm6kDCyZb0GLinsQHT64g"]}]}},"_links":{"self":[{"href":"https:\/\/consultingsiqi.com\/Shop\/wp-json\/wp\/v2\/product\/772"}],"collection":[{"href":"https:\/\/consultingsiqi.com\/Shop\/wp-json\/wp\/v2\/product"}],"about":[{"href":"https:\/\/consultingsiqi.com\/Shop\/wp-json\/wp\/v2\/types\/product"}],"replies":[{"embeddable":true,"href":"https:\/\/consultingsiqi.com\/Shop\/wp-json\/wp\/v2\/comments?post=772"}],"wp:featuredmedia":[{"embeddable":true,"href":"https:\/\/consultingsiqi.com\/Shop\/wp-json\/wp\/v2\/media\/774"}],"wp:attachment":[{"href":"https:\/\/consultingsiqi.com\/Shop\/wp-json\/wp\/v2\/media?parent=772"}],"wp:term":[{"taxonomy":"product_cat","embeddable":true,"href":"https:\/\/consultingsiqi.com\/Shop\/wp-json\/wp\/v2\/product_cat?post=772"},{"taxonomy":"product_tag","embeddable":true,"href":"https:\/\/consultingsiqi.com\/Shop\/wp-json\/wp\/v2\/product_tag?post=772"}],"curies":[{"name":"wp","href":"https:\/\/api.w.org\/{rel}","templated":true}]}}