{"id":767,"date":"2022-04-28T11:53:10","date_gmt":"2022-04-28T16:53:10","guid":{"rendered":"https:\/\/consultingsiqi.com\/Shop\/?post_type=product&#038;p=767"},"modified":"2022-04-28T11:53:10","modified_gmt":"2022-04-28T16:53:10","slug":"gamming","status":"publish","type":"product","link":"https:\/\/consultingsiqi.com\/Shop\/product\/gamming\/","title":{"rendered":"Monitor LG 34GL750 Gaming 34&#8243;"},"content":{"rendered":"<p>Preparate para la victoria con el nuevo LG UltraGear Gaming Monitor 34GL750 es un monitor compatible con G-Syncnc, verificado oficialmente y probado por NVIDIA, que elimina la fragmentaci\u00f3n de la pantalla y minimiza la interrupci\u00f3n, para disfrutar de una experiencia de juego m\u00e1s fluida y m\u00e1s r\u00e1pida.<\/p>\n<div class=\"feature-area\">\n<ul class=\"feature-list\">\n<li>Compatible con NVIDIA G-Sync\u00ae<\/li>\n<li>Tecnolog\u00eda Adaptive-Sync<\/li>\n<li>HDR10<\/li>\n<li>IPS con sRGB 99%<\/li>\n<li>144Hz Refresh Rate<\/li>\n<li>1ms MBR<\/li>\n<\/ul>\n<div class=\"tech-spacs-area collapse show\">\n<div class=\"tech-spacs\">\n<h4 class=\"tech-spacs-title\">CALIDAD DE IMAGEN<\/h4>\n<div class=\"tech-spacs-contents\">\n<ul>\n<li>\n<dl>\n<dt>Tama\u00f1o de Pantalla<\/dt>\n<dd>34&#8243;<\/dd>\n<\/dl>\n<dl>\n<dt>Tipo de Panel<\/dt>\n<dd>IPS<\/dd>\n<\/dl>\n<\/li>\n<li>\n<dl>\n<dt>Profundidad de Color<\/dt>\n<dd>16.7M<\/dd>\n<\/dl>\n<dl>\n<dt>Tiempo de respuesta (ms)<\/dt>\n<dd>14ms<\/dd>\n<\/dl>\n<\/li>\n<li>\n<dl>\n<dt>Relaci\u00f3n de Aspecto<\/dt>\n<dd>21:9<\/dd>\n<\/dl>\n<dl>\n<dt>Resoluci\u00f3n<\/dt>\n<dd>2560 x 1080<\/dd>\n<\/dl>\n<\/li>\n<li>\n<dl>\n<dt>Brillo<\/dt>\n<dd>300cd<\/dd>\n<\/dl>\n<dl>\n<dt>Relaci\u00f3n de Contraste<\/dt>\n<dd>1000 : 1<\/dd>\n<\/dl>\n<\/li>\n<li>\n<dl>\n<dt>Angulo de Visi\u00f3n<\/dt>\n<dd>178\u00ba(R\/L), 178\u00ba(U\/D)<\/dd>\n<\/dl>\n<dl>\n<dt>Material de Superficie<\/dt>\n<dd>Haze 25%, 3H<\/dd>\n<\/dl>\n<\/li>\n<\/ul>\n<\/div>\n<\/div>\n<div class=\"tech-spacs\">\n<h4 class=\"tech-spacs-title\">ENTRADAS Y SALIDAS<\/h4>\n<div class=\"tech-spacs-contents\">\n<ul>\n<li>\n<dl>\n<dt>HDMI<\/dt>\n<dd>Si (2ea)<\/dd>\n<\/dl>\n<dl>\n<dt>Salida de Aud\u00edfonos<\/dt>\n<dd>Si<\/dd>\n<\/dl>\n<\/li>\n<li>\n<dl>\n<dt>USB<\/dt>\n<dd>No<\/dd>\n<\/dl>\n<\/li>\n<\/ul>\n<\/div>\n<\/div>\n<div class=\"tech-spacs\">\n<h4 class=\"tech-spacs-title\">ENERG\u00cdA<\/h4>\n<div class=\"tech-spacs-contents\">\n<ul>\n<li>\n<dl>\n<dt>Tipo<\/dt>\n<dd>Poder externo (Adaptador)<\/dd>\n<\/dl>\n<dl>\n<dt>Entrada de energ\u00eda (V)<\/dt>\n<dd>100~240V (50\/60Hz)<\/dd>\n<\/dl>\n<\/li>\n<li>\n<dl>\n<dt>Consumo de energ\u00eda<\/dt>\n<dd>52W (typ.) \/ 58W (max.)<\/dd>\n<\/dl>\n<dl>\n<dt>Modo Sleep<\/dt>\n<dd>Menos de 0.3W<\/dd>\n<\/dl>\n<\/li>\n<\/ul>\n<\/div>\n<\/div>\n<div class=\"tech-spacs\">\n<h4 class=\"tech-spacs-title\">CARACTER\u00cdSTICAS ESPECIALES<\/h4>\n<div class=\"tech-spacs-contents\">\n<ul>\n<li>\n<dl>\n<dt>Black Stabilizer<\/dt>\n<dd>Si<\/dd>\n<\/dl>\n<dl>\n<dt>Dynamic Action Sync<\/dt>\n<dd>Si<\/dd>\n<\/dl>\n<\/li>\n<li>\n<dl>\n<dt>Crosshair<\/dt>\n<dd>Si<\/dd>\n<\/dl>\n<dl>\n<dt>Flicker Safe<\/dt>\n<dd>Si<\/dd>\n<\/dl>\n<\/li>\n<li>\n<dl>\n<dt>Smart Energy Saving<\/dt>\n<dd>Si<\/dd>\n<\/dl>\n<dl>\n<dt>Reader Mode<\/dt>\n<dd>Si<\/dd>\n<\/dl>\n<\/li>\n<li>\n<dl>\n<dt>HDR Effect<\/dt>\n<dd>Si<\/dd>\n<\/dl>\n<dl>\n<dt>C\u00e1mara<\/dt>\n<dd>No<\/dd>\n<\/dl>\n<\/li>\n<li>\n<dl>\n<dt>Mic<\/dt>\n<dd>No<\/dd>\n<\/dl>\n<dl>\n<dt>HDR 10<\/dt>\n<dd>Si<\/dd>\n<\/dl>\n<\/li>\n<li>\n<dl>\n<dt>Color Calibrado<\/dt>\n<dd>Si<\/dd>\n<\/dl>\n<dl>\n<dt>1 ms Reducci\u00f3n de desenfoque de movimiento<\/dt>\n<dd>Si<\/dd>\n<\/dl>\n<\/li>\n<li>\n<dl>\n<dt>RADEON FreeSync\u2122<\/dt>\n<dd>Si<\/dd>\n<\/dl>\n<dl>\n<dt>FreeSync (Low Frame Conpensation)<\/dt>\n<dd>Si<\/dd>\n<\/dl>\n<\/li>\n<\/ul>\n<\/div>\n<\/div>\n<div class=\"tech-spacs\">\n<h4 class=\"tech-spacs-title\">DIMENSIONES Y PESO<\/h4>\n<div class=\"tech-spacs-contents\">\n<ul>\n<li>\n<dl>\n<dt>Con Base (AxAxP)<\/dt>\n<dd>819.9 x 565.3 x 279.7(mm) (Vertical)<br \/>\n819.9 x 445.3 x 279.7(mm) (Horizontal)<\/dd>\n<\/dl>\n<dl>\n<dt>Sin Base (AxAxP)<\/dt>\n<dd>819.9 x 364.5 x 87 mm<\/dd>\n<\/dl>\n<\/li>\n<li>\n<dl>\n<dt>Peso con Base<\/dt>\n<dd>8.3kg<\/dd>\n<\/dl>\n<dl>\n<dt>Peso sin Base<\/dt>\n<dd>6.1kg<\/dd>\n<\/dl>\n<\/li>\n<\/ul>\n<\/div>\n<\/div>\n<div class=\"tech-spacs\">\n<h4 class=\"tech-spacs-title\">BASE<\/h4>\n<div class=\"tech-spacs-contents\">\n<ul>\n<li>\n<dl>\n<dt>Posiciones de Ajuste<\/dt>\n<dd>Inclinaci\u00f3n \/ Altura<\/dd>\n<\/dl>\n<\/li>\n<\/ul>\n<\/div>\n<\/div>\n<div class=\"tech-spacs\">\n<h4 class=\"tech-spacs-title\">ACCESORIOS\/DISE\u00d1O<\/h4>\n<div class=\"tech-spacs-contents\">\n<ul>\n<li>\n<dl>\n<dt>Montable a la pared<\/dt>\n<dd>100 X 100 mm<\/dd>\n<\/dl>\n<dl>\n<dt>HDMI<\/dt>\n<dd>No<\/dd>\n<\/dl>\n<\/li>\n<li>\n<dl>\n<dt>Control Remoto<\/dt>\n<dd>No<\/dd>\n<\/dl>\n<dl>\n<dt>Puerto Display<\/dt>\n<dd>Si<\/dd>\n<\/dl>\n<\/li>\n<\/ul>\n<\/div>\n<\/div>\n<\/div>\n<\/div>\n","protected":false},"excerpt":{"rendered":"<p>Dise\u00f1ado para la victoria. El LG UltraGear Gaming Monitor 34GL750 es un monitor compatible con G-Syncnc, verificado oficialmente y probado por NVIDIA, que elimina la fragmentaci\u00f3n de la pantalla y minimiza la interrupci\u00f3n, para disfrutar de una experiencia de juego m\u00e1s fluida y m\u00e1s r\u00e1pida.<\/p>\n","protected":false},"featured_media":769,"comment_status":"open","ping_status":"closed","template":"","meta":{"_seopress_robots_primary_cat":""},"product_cat":[52,107,202,56,203],"product_tag":[],"yoast_head":"<!-- This site is optimized with the Yoast SEO plugin v21.6 - https:\/\/yoast.com\/wordpress\/plugins\/seo\/ -->\n<title>Disfruta de la mejor tecnolog\u00eda al mejor precio.<\/title>\n<meta name=\"description\" content=\"Vive la mejor emoci\u00f3n con este monitor gamming, donde no tendr\u00e1s ning\u00fan punto al descubierto y preparate para la vitoria, CsiqiShop te ofrece, experiencias en tecnolog\u00eda, para que puedas comprar lo que necesitas y lleguen directo hasta tu domicilio.\" \/>\n<meta name=\"robots\" content=\"index, follow, max-snippet:-1, max-image-preview:large, max-video-preview:-1\" \/>\n<link rel=\"canonical\" href=\"https:\/\/consultingsiqi.com\/Shop\/product\/gamming\/\" \/>\n<meta property=\"og:locale\" content=\"es_MX\" \/>\n<meta property=\"og:type\" content=\"article\" \/>\n<meta property=\"og:title\" content=\"Disfruta de la mejor tecnolog\u00eda al mejor precio.\" \/>\n<meta property=\"og:description\" content=\"Vive la mejor emoci\u00f3n con este monitor gamming, donde no tendr\u00e1s ning\u00fan punto al descubierto y preparate para la vitoria, CsiqiShop te ofrece, experiencias en tecnolog\u00eda, para que puedas comprar lo que necesitas y lleguen directo hasta tu domicilio.\" \/>\n<meta property=\"og:url\" content=\"https:\/\/consultingsiqi.com\/Shop\/product\/gamming\/\" \/>\n<meta property=\"og:site_name\" content=\"Csiqi Shop\" \/>\n<meta property=\"article:publisher\" content=\"https:\/\/www.facebook.com\/ConsultigSIQI\" \/>\n<meta property=\"og:image\" content=\"https:\/\/consultingsiqi.com\/Shop\/wp-content\/uploads\/2022\/04\/34GL750.jpg\" \/>\n\t<meta property=\"og:image:width\" content=\"433\" \/>\n\t<meta property=\"og:image:height\" content=\"433\" \/>\n\t<meta property=\"og:image:type\" content=\"image\/jpeg\" \/>\n<meta name=\"twitter:card\" content=\"summary_large_image\" \/>\n<meta name=\"twitter:site\" content=\"@consultingsiqi\" \/>\n<meta name=\"twitter:label1\" content=\"Tiempo de lectura\" \/>\n\t<meta name=\"twitter:data1\" content=\"2 minutos\" \/>\n<script type=\"application\/ld+json\" class=\"yoast-schema-graph\">{\"@context\":\"https:\/\/schema.org\",\"@graph\":[{\"@type\":\"WebPage\",\"@id\":\"https:\/\/consultingsiqi.com\/Shop\/product\/gamming\/\",\"url\":\"https:\/\/consultingsiqi.com\/Shop\/product\/gamming\/\",\"name\":\"Disfruta de la mejor tecnolog\u00eda al mejor precio.\",\"isPartOf\":{\"@id\":\"https:\/\/consultingsiqi.com\/Shop\/#website\"},\"datePublished\":\"2022-04-28T16:53:10+00:00\",\"dateModified\":\"2022-04-28T16:53:10+00:00\",\"description\":\"Vive la mejor emoci\u00f3n con este monitor gamming, donde no tendr\u00e1s ning\u00fan punto al descubierto y preparate para la vitoria, CsiqiShop te ofrece, experiencias en tecnolog\u00eda, para que puedas comprar lo que necesitas y lleguen directo hasta tu domicilio.\",\"breadcrumb\":{\"@id\":\"https:\/\/consultingsiqi.com\/Shop\/product\/gamming\/#breadcrumb\"},\"inLanguage\":\"es-MX\",\"potentialAction\":[{\"@type\":\"ReadAction\",\"target\":[\"https:\/\/consultingsiqi.com\/Shop\/product\/gamming\/\"]}]},{\"@type\":\"BreadcrumbList\",\"@id\":\"https:\/\/consultingsiqi.com\/Shop\/product\/gamming\/#breadcrumb\",\"itemListElement\":[{\"@type\":\"ListItem\",\"position\":1,\"name\":\"Home\",\"item\":\"https:\/\/consultingsiqi.com\/Shop\/\"},{\"@type\":\"ListItem\",\"position\":2,\"name\":\"Shop\",\"item\":\"https:\/\/consultingsiqi.com\/Shop\/shop\/\"},{\"@type\":\"ListItem\",\"position\":3,\"name\":\"Monitor LG 34GL750 Gaming 34&#8243;\"}]},{\"@type\":\"WebSite\",\"@id\":\"https:\/\/consultingsiqi.com\/Shop\/#website\",\"url\":\"https:\/\/consultingsiqi.com\/Shop\/\",\"name\":\"Csiqi Shop\",\"description\":\"Disfruta de la mejor tecnolog\u00eda al mejor precio.\",\"publisher\":{\"@id\":\"https:\/\/consultingsiqi.com\/Shop\/#organization\"},\"potentialAction\":[{\"@type\":\"SearchAction\",\"target\":{\"@type\":\"EntryPoint\",\"urlTemplate\":\"https:\/\/consultingsiqi.com\/Shop\/?s={search_term_string}\"},\"query-input\":\"required name=search_term_string\"}],\"inLanguage\":\"es-MX\"},{\"@type\":\"Organization\",\"@id\":\"https:\/\/consultingsiqi.com\/Shop\/#organization\",\"name\":\"consultingsiqi\/Shop\",\"url\":\"https:\/\/consultingsiqi.com\/Shop\/\",\"logo\":{\"@type\":\"ImageObject\",\"inLanguage\":\"es-MX\",\"@id\":\"https:\/\/consultingsiqi.com\/Shop\/#\/schema\/logo\/image\/\",\"url\":\"https:\/\/consultingsiqi.com\/Shop\/wp-content\/uploads\/2020\/04\/LogoCSIQI-SINFONDO.png\",\"contentUrl\":\"https:\/\/consultingsiqi.com\/Shop\/wp-content\/uploads\/2020\/04\/LogoCSIQI-SINFONDO.png\",\"width\":1533,\"height\":1532,\"caption\":\"consultingsiqi\/Shop\"},\"image\":{\"@id\":\"https:\/\/consultingsiqi.com\/Shop\/#\/schema\/logo\/image\/\"},\"sameAs\":[\"https:\/\/www.facebook.com\/ConsultigSIQI\",\"https:\/\/twitter.com\/consultingsiqi\",\"https:\/\/www.instagram.com\/consultingsiqi\/?hl=es-la\",\"https:\/\/www.youtube.com\/channel\/UCvJm6kDCyZb0GLinsQHT64g\"]}]}<\/script>\n<!-- \/ Yoast SEO plugin. -->","yoast_head_json":{"title":"Disfruta de la mejor tecnolog\u00eda al mejor precio.","description":"Vive la mejor emoci\u00f3n con este monitor gamming, donde no tendr\u00e1s ning\u00fan punto al descubierto y preparate para la vitoria, CsiqiShop te ofrece, experiencias en tecnolog\u00eda, para que puedas comprar lo que necesitas y lleguen directo hasta tu domicilio.","robots":{"index":"index","follow":"follow","max-snippet":"max-snippet:-1","max-image-preview":"max-image-preview:large","max-video-preview":"max-video-preview:-1"},"canonical":"https:\/\/consultingsiqi.com\/Shop\/product\/gamming\/","og_locale":"es_MX","og_type":"article","og_title":"Disfruta de la mejor tecnolog\u00eda al mejor precio.","og_description":"Vive la mejor emoci\u00f3n con este monitor gamming, donde no tendr\u00e1s ning\u00fan punto al descubierto y preparate para la vitoria, CsiqiShop te ofrece, experiencias en tecnolog\u00eda, para que puedas comprar lo que necesitas y lleguen directo hasta tu domicilio.","og_url":"https:\/\/consultingsiqi.com\/Shop\/product\/gamming\/","og_site_name":"Csiqi Shop","article_publisher":"https:\/\/www.facebook.com\/ConsultigSIQI","og_image":[{"width":433,"height":433,"url":"https:\/\/consultingsiqi.com\/Shop\/wp-content\/uploads\/2022\/04\/34GL750.jpg","type":"image\/jpeg"}],"twitter_card":"summary_large_image","twitter_site":"@consultingsiqi","twitter_misc":{"Tiempo de lectura":"2 minutos"},"schema":{"@context":"https:\/\/schema.org","@graph":[{"@type":"WebPage","@id":"https:\/\/consultingsiqi.com\/Shop\/product\/gamming\/","url":"https:\/\/consultingsiqi.com\/Shop\/product\/gamming\/","name":"Disfruta de la mejor tecnolog\u00eda al mejor precio.","isPartOf":{"@id":"https:\/\/consultingsiqi.com\/Shop\/#website"},"datePublished":"2022-04-28T16:53:10+00:00","dateModified":"2022-04-28T16:53:10+00:00","description":"Vive la mejor emoci\u00f3n con este monitor gamming, donde no tendr\u00e1s ning\u00fan punto al descubierto y preparate para la vitoria, CsiqiShop te ofrece, experiencias en tecnolog\u00eda, para que puedas comprar lo que necesitas y lleguen directo hasta tu domicilio.","breadcrumb":{"@id":"https:\/\/consultingsiqi.com\/Shop\/product\/gamming\/#breadcrumb"},"inLanguage":"es-MX","potentialAction":[{"@type":"ReadAction","target":["https:\/\/consultingsiqi.com\/Shop\/product\/gamming\/"]}]},{"@type":"BreadcrumbList","@id":"https:\/\/consultingsiqi.com\/Shop\/product\/gamming\/#breadcrumb","itemListElement":[{"@type":"ListItem","position":1,"name":"Home","item":"https:\/\/consultingsiqi.com\/Shop\/"},{"@type":"ListItem","position":2,"name":"Shop","item":"https:\/\/consultingsiqi.com\/Shop\/shop\/"},{"@type":"ListItem","position":3,"name":"Monitor LG 34GL750 Gaming 34&#8243;"}]},{"@type":"WebSite","@id":"https:\/\/consultingsiqi.com\/Shop\/#website","url":"https:\/\/consultingsiqi.com\/Shop\/","name":"Csiqi Shop","description":"Disfruta de la mejor tecnolog\u00eda al mejor precio.","publisher":{"@id":"https:\/\/consultingsiqi.com\/Shop\/#organization"},"potentialAction":[{"@type":"SearchAction","target":{"@type":"EntryPoint","urlTemplate":"https:\/\/consultingsiqi.com\/Shop\/?s={search_term_string}"},"query-input":"required name=search_term_string"}],"inLanguage":"es-MX"},{"@type":"Organization","@id":"https:\/\/consultingsiqi.com\/Shop\/#organization","name":"consultingsiqi\/Shop","url":"https:\/\/consultingsiqi.com\/Shop\/","logo":{"@type":"ImageObject","inLanguage":"es-MX","@id":"https:\/\/consultingsiqi.com\/Shop\/#\/schema\/logo\/image\/","url":"https:\/\/consultingsiqi.com\/Shop\/wp-content\/uploads\/2020\/04\/LogoCSIQI-SINFONDO.png","contentUrl":"https:\/\/consultingsiqi.com\/Shop\/wp-content\/uploads\/2020\/04\/LogoCSIQI-SINFONDO.png","width":1533,"height":1532,"caption":"consultingsiqi\/Shop"},"image":{"@id":"https:\/\/consultingsiqi.com\/Shop\/#\/schema\/logo\/image\/"},"sameAs":["https:\/\/www.facebook.com\/ConsultigSIQI","https:\/\/twitter.com\/consultingsiqi","https:\/\/www.instagram.com\/consultingsiqi\/?hl=es-la","https:\/\/www.youtube.com\/channel\/UCvJm6kDCyZb0GLinsQHT64g"]}]}},"_links":{"self":[{"href":"https:\/\/consultingsiqi.com\/Shop\/wp-json\/wp\/v2\/product\/767"}],"collection":[{"href":"https:\/\/consultingsiqi.com\/Shop\/wp-json\/wp\/v2\/product"}],"about":[{"href":"https:\/\/consultingsiqi.com\/Shop\/wp-json\/wp\/v2\/types\/product"}],"replies":[{"embeddable":true,"href":"https:\/\/consultingsiqi.com\/Shop\/wp-json\/wp\/v2\/comments?post=767"}],"wp:featuredmedia":[{"embeddable":true,"href":"https:\/\/consultingsiqi.com\/Shop\/wp-json\/wp\/v2\/media\/769"}],"wp:attachment":[{"href":"https:\/\/consultingsiqi.com\/Shop\/wp-json\/wp\/v2\/media?parent=767"}],"wp:term":[{"taxonomy":"product_cat","embeddable":true,"href":"https:\/\/consultingsiqi.com\/Shop\/wp-json\/wp\/v2\/product_cat?post=767"},{"taxonomy":"product_tag","embeddable":true,"href":"https:\/\/consultingsiqi.com\/Shop\/wp-json\/wp\/v2\/product_tag?post=767"}],"curies":[{"name":"wp","href":"https:\/\/api.w.org\/{rel}","templated":true}]}}