{"id":596,"date":"2020-07-10T14:42:06","date_gmt":"2020-07-10T19:42:06","guid":{"rendered":"https:\/\/consultingsiqi.com\/Shop\/?post_type=product&#038;p=596"},"modified":"2020-09-04T00:49:01","modified_gmt":"2020-09-04T05:49:01","slug":"lenovo-ideapad-l340-15api","status":"publish","type":"product","link":"https:\/\/consultingsiqi.com\/Shop\/product\/lenovo-ideapad-l340-15api\/","title":{"rendered":"Lenovo IdeaPad L340-15API"},"content":{"rendered":"<p><b>Disfruta m\u00e1s por menos<\/b><br \/>\nEquipado con tecnolog\u00eda AMD, el IdeaPad L340 te ofrece m\u00e1s a un precio asequible. Disfruta de un sonido extraordinario, un rendimiento impecable e im\u00e1genes sorprendentes durante tus desplazamientos. Este port\u00e1til de 15&#8243; cuenta tambi\u00e9n con un obturador f\u00edsico de c\u00e1mara web y una tecnolog\u00eda de carga r\u00e1pida, todo de serie.<\/p>\n<p><b>Sentir\u00e1s el sonido<\/b><br \/>\nTodos los IdeaPad L340 incluyen la avanzada tecnolog\u00eda Dolby Audio\u2122. \u00bfEl resultado? Un audio verdaderamente envolvente con sonido n\u00edtido, claro y potente para todo, desde pel\u00edculas hasta podcasts, pasando por la m\u00fasica y los juegos, all\u00e1 donde vayas.<\/p>\n<p><b>Tu privacidad en l\u00ednea es importante<\/b><br \/>\nCon la c\u00e1mara web HD del IdeaPad L340, tanto los videochats como las videoconferencias ser\u00e1n pan comido. Tambi\u00e9n tiene un obturador de privacidad TrueBlock, un interruptor para que puedas cerrar f\u00edsicamente la c\u00e1mara web y mantener la privacidad de tu vida personal.<\/p>\n<p><b>Adaptado a tu ritmo de vida<\/b><br \/>\nEste ordenador, fabricado con tecnolog\u00eda de vanguardia y equipado con procesadores m\u00f3viles AMD Ryzen\u2122 de segunda generaci\u00f3n y tarjeta gr\u00e1fica Radeon\u2122 Vega, te ofrece un nuevo nivel de rendimiento en tus desplazamientos hagas lo que hagas: trabajar, crear, divertirte o mirar.<\/p>\n<div>\n<div class=\"seccion\">\n<div class=\"izq w45 h200\">\n<div class=\"content-margins vert-center\">\n<h3 class=\"titulo\">Sonido que puedes sentir<\/h3>\n<p class=\"paragraph\">Cada IdeaPad L340 est\u00e1 integrada a la tecnolog\u00eda Dolby Audio\u2122 \u00bfEl resultado? Audio realmente envolvente con un sonido rico, claro y potente para todo, desde pel\u00edculas hasta podcasts, pasando por m\u00fasica y juegos, est\u00e9s donde est\u00e9s.<\/p>\n<\/div>\n<\/div>\n<div class=\"der w55\">\n<div><img decoding=\"async\" class=\"imagen alignleft\" src=\"https:\/\/images.pcel.com\/mkt\/fichas-tecnicas\/2020\/333758\/b_2_333758.jpg\" width=\"317\" height=\"151\" \/><\/div>\n<\/div>\n<\/div>\n<div class=\"seccion\">\n<div class=\"der w45 h200\">\n<div class=\"content-margins vert-center\">\n<h3 class=\"titulo\">Mantente en movimiento durante m\u00e1s tiempo<\/h3>\n<p class=\"paragraph\">La IdeaPad L340 funciona hasta por 8.5 horas, m\u00e1s que suficiente para tu viaje diario o para ver tu programa de televisi\u00f3n favorito.<\/p>\n<\/div>\n<\/div>\n<\/div>\n<div class=\"seccion\">\n<div class=\"izq w45 h200\">\n<div class=\"content-margins vert-center\">\n<h3 class=\"titulo\">El poder de seguirte el ritmo<\/h3>\n<div class=\"izq w55\">\n<div><img decoding=\"async\" class=\"imagen alignright\" src=\"https:\/\/images.pcel.com\/mkt\/fichas-tecnicas\/2020\/333758\/b_3_333758.jpg\" width=\"271\" height=\"129\" \/><\/div>\n<\/div>\n<p class=\"paragraph\">Construida con tecnolog\u00eda de vanguardia, una PC alimentada por la 2da generaci\u00f3n de AMD Ryzen\u2122, procesadores m\u00f3viles con gr\u00e1ficos Radeon\u2122 Vega, aporta un nuevo nivel de rendimiento en el camino, ya sea que est\u00e9s trabajando, creando, jugando o viendo.<\/p>\n<\/div>\n<\/div>\n<div class=\"der w55\">\n<div><img decoding=\"async\" class=\"imagen aligncenter\" src=\"https:\/\/images.pcel.com\/mkt\/fichas-tecnicas\/2020\/333758\/b_4_333758.jpg\" \/><\/div>\n<\/div>\n<\/div>\n<\/div>\n<p>&nbsp;<\/p>\n<div class=\"wrapperBox\">\n<h3 class=\"bigH3\">Ports\/Slots<\/h3>\n<div>Algunos puertos\/ranuras pueden ser opcionales y no estar incluidos en todos los modelos.<\/div>\n<div>Algunos puertos son opcionales y no est\u00e1n incluidos en todos los modelos.<\/div>\n<div class=\"coverImg\"><img decoding=\"async\" class=\"bigtop\" src=\"https:\/\/www.lenovo.com\/medias\/lenovo-ideapad-l340-15-amd-port-label-sides.jpg?context=bWFzdGVyfHJvb3R8NjM4MzF8aW1hZ2UvanBnfGhkYi9oZjYvOTk0MDU1ODQ0NjYyMi5qcGd8NmE5NTdlZjlhMDk3Mzg1YTRmM2EzMTIyNWY3MmJkMDVjODE5OTU0ODFjYjNlNGZiMGY0NjY5ODlhMmNkMjYwZg\" alt=\"Lenovo IdeaPad L340 15 AMD view showing ports\" border=\"0\" \/><\/div>\n<div class=\"div-li\">\n<ul>\n<li><\/li>\n<li>1. Entrada para CC<\/li>\n<li>2. RJ45<\/li>\n<li>3. HDMI<\/li>\n<li>4. USB-3.1<\/li>\n<li>5. USB 3.1<\/li>\n<li>6. Combo auricular\/micr\u00f3fono<\/li>\n<li>7. USB tipo C<\/li>\n<li>8. OOD \/ Entrada para compartimiento para unidad (la unidad \u00f3ptica es opcional y no est\u00e1 incluida)<\/li>\n<li>9. Puerto de bloqueo Kensington<\/li>\n<\/ul>\n<p>&nbsp;<\/p>\n<\/div>\n<\/div>\n","protected":false},"excerpt":{"rendered":"<p><b>Disfruta m\u00e1s por menos<\/b><br \/>\nEquipado con tecnolog\u00eda AMD, el IdeaPad L340 te ofrece m\u00e1s a un precio asequible. Disfruta de un sonido extraordinario, un rendimiento impecable e im\u00e1genes sorprendentes durante tus desplazamientos. Este port\u00e1til de 15&#8243; cuenta tambi\u00e9n con un obturador f\u00edsico de c\u00e1mara web y una tecnolog\u00eda de carga r\u00e1pida, todo de serie.<\/p>\n<p><b>Sentir\u00e1s el sonido<\/b><br \/>\nTodos los IdeaPad L340 incluyen la avanzada tecnolog\u00eda Dolby Audio\u2122. \u00bfEl resultado? Un audio verdaderamente envolvente con sonido n\u00edtido, claro y potente para todo, desde pel\u00edculas hasta podcasts, pasando por la m\u00fasica y los juegos, all\u00e1 donde vayas.<\/p>\n","protected":false},"featured_media":0,"comment_status":"open","ping_status":"closed","template":"","meta":{"_seopress_robots_primary_cat":""},"product_cat":[53,52,54,82,56,55],"product_tag":[],"yoast_head":"<!-- This site is optimized with the Yoast SEO plugin v21.6 - https:\/\/yoast.com\/wordpress\/plugins\/seo\/ -->\n<title>Disfruta de la mejor tecnolog\u00eda al mejor precio.<\/title>\n<meta name=\"description\" content=\"Experiencias en Tecnologia, CsiqiShop te ofrece, experiencas en tecnologia, para que puedas comprar lo que necesitas y llguen directo hasta tu domicilio.\" \/>\n<meta name=\"robots\" content=\"index, follow, max-snippet:-1, max-image-preview:large, max-video-preview:-1\" \/>\n<link rel=\"canonical\" href=\"https:\/\/consultingsiqi.com\/Shop\/product\/lenovo-ideapad-l340-15api\/\" \/>\n<meta property=\"og:locale\" content=\"es_MX\" \/>\n<meta property=\"og:type\" content=\"article\" \/>\n<meta property=\"og:title\" content=\"Disfruta de la mejor tecnolog\u00eda al mejor precio.\" \/>\n<meta property=\"og:description\" content=\"Experiencias en Tecnologia, CsiqiShop te ofrece, experiencas en tecnologia, para que puedas comprar lo que necesitas y llguen directo hasta tu domicilio.\" \/>\n<meta property=\"og:url\" content=\"https:\/\/consultingsiqi.com\/Shop\/product\/lenovo-ideapad-l340-15api\/\" \/>\n<meta property=\"og:site_name\" content=\"Csiqi Shop\" \/>\n<meta property=\"article:publisher\" content=\"https:\/\/www.facebook.com\/ConsultigSIQI\" \/>\n<meta property=\"article:modified_time\" content=\"2020-09-04T05:49:01+00:00\" \/>\n<meta property=\"og:image\" content=\"https:\/\/images.pcel.com\/mkt\/fichas-tecnicas\/2020\/333758\/b_2_333758.jpg\" \/>\n<meta name=\"twitter:card\" content=\"summary_large_image\" \/>\n<meta name=\"twitter:site\" content=\"@consultingsiqi\" \/>\n<meta name=\"twitter:label1\" content=\"Tiempo de lectura\" \/>\n\t<meta name=\"twitter:data1\" content=\"2 minutos\" \/>\n<script type=\"application\/ld+json\" class=\"yoast-schema-graph\">{\"@context\":\"https:\/\/schema.org\",\"@graph\":[{\"@type\":\"WebPage\",\"@id\":\"https:\/\/consultingsiqi.com\/Shop\/product\/lenovo-ideapad-l340-15api\/\",\"url\":\"https:\/\/consultingsiqi.com\/Shop\/product\/lenovo-ideapad-l340-15api\/\",\"name\":\"Disfruta de la mejor tecnolog\u00eda al mejor precio.\",\"isPartOf\":{\"@id\":\"https:\/\/consultingsiqi.com\/Shop\/#website\"},\"datePublished\":\"2020-07-10T19:42:06+00:00\",\"dateModified\":\"2020-09-04T05:49:01+00:00\",\"description\":\"Experiencias en Tecnologia, CsiqiShop te ofrece, experiencas en tecnologia, para que puedas comprar lo que necesitas y llguen directo hasta tu domicilio.\",\"breadcrumb\":{\"@id\":\"https:\/\/consultingsiqi.com\/Shop\/product\/lenovo-ideapad-l340-15api\/#breadcrumb\"},\"inLanguage\":\"es-MX\",\"potentialAction\":[{\"@type\":\"ReadAction\",\"target\":[\"https:\/\/consultingsiqi.com\/Shop\/product\/lenovo-ideapad-l340-15api\/\"]}]},{\"@type\":\"BreadcrumbList\",\"@id\":\"https:\/\/consultingsiqi.com\/Shop\/product\/lenovo-ideapad-l340-15api\/#breadcrumb\",\"itemListElement\":[{\"@type\":\"ListItem\",\"position\":1,\"name\":\"Home\",\"item\":\"https:\/\/consultingsiqi.com\/Shop\/\"},{\"@type\":\"ListItem\",\"position\":2,\"name\":\"Shop\",\"item\":\"https:\/\/consultingsiqi.com\/Shop\/shop\/\"},{\"@type\":\"ListItem\",\"position\":3,\"name\":\"Lenovo IdeaPad L340-15API\"}]},{\"@type\":\"WebSite\",\"@id\":\"https:\/\/consultingsiqi.com\/Shop\/#website\",\"url\":\"https:\/\/consultingsiqi.com\/Shop\/\",\"name\":\"Csiqi Shop\",\"description\":\"Disfruta de la mejor tecnolog\u00eda al mejor precio.\",\"publisher\":{\"@id\":\"https:\/\/consultingsiqi.com\/Shop\/#organization\"},\"potentialAction\":[{\"@type\":\"SearchAction\",\"target\":{\"@type\":\"EntryPoint\",\"urlTemplate\":\"https:\/\/consultingsiqi.com\/Shop\/?s={search_term_string}\"},\"query-input\":\"required name=search_term_string\"}],\"inLanguage\":\"es-MX\"},{\"@type\":\"Organization\",\"@id\":\"https:\/\/consultingsiqi.com\/Shop\/#organization\",\"name\":\"consultingsiqi\/Shop\",\"url\":\"https:\/\/consultingsiqi.com\/Shop\/\",\"logo\":{\"@type\":\"ImageObject\",\"inLanguage\":\"es-MX\",\"@id\":\"https:\/\/consultingsiqi.com\/Shop\/#\/schema\/logo\/image\/\",\"url\":\"https:\/\/consultingsiqi.com\/Shop\/wp-content\/uploads\/2020\/04\/LogoCSIQI-SINFONDO.png\",\"contentUrl\":\"https:\/\/consultingsiqi.com\/Shop\/wp-content\/uploads\/2020\/04\/LogoCSIQI-SINFONDO.png\",\"width\":1533,\"height\":1532,\"caption\":\"consultingsiqi\/Shop\"},\"image\":{\"@id\":\"https:\/\/consultingsiqi.com\/Shop\/#\/schema\/logo\/image\/\"},\"sameAs\":[\"https:\/\/www.facebook.com\/ConsultigSIQI\",\"https:\/\/twitter.com\/consultingsiqi\",\"https:\/\/www.instagram.com\/consultingsiqi\/?hl=es-la\",\"https:\/\/www.youtube.com\/channel\/UCvJm6kDCyZb0GLinsQHT64g\"]}]}<\/script>\n<!-- \/ Yoast SEO plugin. -->","yoast_head_json":{"title":"Disfruta de la mejor tecnolog\u00eda al mejor precio.","description":"Experiencias en Tecnologia, CsiqiShop te ofrece, experiencas en tecnologia, para que puedas comprar lo que necesitas y llguen directo hasta tu domicilio.","robots":{"index":"index","follow":"follow","max-snippet":"max-snippet:-1","max-image-preview":"max-image-preview:large","max-video-preview":"max-video-preview:-1"},"canonical":"https:\/\/consultingsiqi.com\/Shop\/product\/lenovo-ideapad-l340-15api\/","og_locale":"es_MX","og_type":"article","og_title":"Disfruta de la mejor tecnolog\u00eda al mejor precio.","og_description":"Experiencias en Tecnologia, CsiqiShop te ofrece, experiencas en tecnologia, para que puedas comprar lo que necesitas y llguen directo hasta tu domicilio.","og_url":"https:\/\/consultingsiqi.com\/Shop\/product\/lenovo-ideapad-l340-15api\/","og_site_name":"Csiqi Shop","article_publisher":"https:\/\/www.facebook.com\/ConsultigSIQI","article_modified_time":"2020-09-04T05:49:01+00:00","og_image":[{"url":"https:\/\/images.pcel.com\/mkt\/fichas-tecnicas\/2020\/333758\/b_2_333758.jpg"}],"twitter_card":"summary_large_image","twitter_site":"@consultingsiqi","twitter_misc":{"Tiempo de lectura":"2 minutos"},"schema":{"@context":"https:\/\/schema.org","@graph":[{"@type":"WebPage","@id":"https:\/\/consultingsiqi.com\/Shop\/product\/lenovo-ideapad-l340-15api\/","url":"https:\/\/consultingsiqi.com\/Shop\/product\/lenovo-ideapad-l340-15api\/","name":"Disfruta de la mejor tecnolog\u00eda al mejor precio.","isPartOf":{"@id":"https:\/\/consultingsiqi.com\/Shop\/#website"},"datePublished":"2020-07-10T19:42:06+00:00","dateModified":"2020-09-04T05:49:01+00:00","description":"Experiencias en Tecnologia, CsiqiShop te ofrece, experiencas en tecnologia, para que puedas comprar lo que necesitas y llguen directo hasta tu domicilio.","breadcrumb":{"@id":"https:\/\/consultingsiqi.com\/Shop\/product\/lenovo-ideapad-l340-15api\/#breadcrumb"},"inLanguage":"es-MX","potentialAction":[{"@type":"ReadAction","target":["https:\/\/consultingsiqi.com\/Shop\/product\/lenovo-ideapad-l340-15api\/"]}]},{"@type":"BreadcrumbList","@id":"https:\/\/consultingsiqi.com\/Shop\/product\/lenovo-ideapad-l340-15api\/#breadcrumb","itemListElement":[{"@type":"ListItem","position":1,"name":"Home","item":"https:\/\/consultingsiqi.com\/Shop\/"},{"@type":"ListItem","position":2,"name":"Shop","item":"https:\/\/consultingsiqi.com\/Shop\/shop\/"},{"@type":"ListItem","position":3,"name":"Lenovo IdeaPad L340-15API"}]},{"@type":"WebSite","@id":"https:\/\/consultingsiqi.com\/Shop\/#website","url":"https:\/\/consultingsiqi.com\/Shop\/","name":"Csiqi Shop","description":"Disfruta de la mejor tecnolog\u00eda al mejor precio.","publisher":{"@id":"https:\/\/consultingsiqi.com\/Shop\/#organization"},"potentialAction":[{"@type":"SearchAction","target":{"@type":"EntryPoint","urlTemplate":"https:\/\/consultingsiqi.com\/Shop\/?s={search_term_string}"},"query-input":"required name=search_term_string"}],"inLanguage":"es-MX"},{"@type":"Organization","@id":"https:\/\/consultingsiqi.com\/Shop\/#organization","name":"consultingsiqi\/Shop","url":"https:\/\/consultingsiqi.com\/Shop\/","logo":{"@type":"ImageObject","inLanguage":"es-MX","@id":"https:\/\/consultingsiqi.com\/Shop\/#\/schema\/logo\/image\/","url":"https:\/\/consultingsiqi.com\/Shop\/wp-content\/uploads\/2020\/04\/LogoCSIQI-SINFONDO.png","contentUrl":"https:\/\/consultingsiqi.com\/Shop\/wp-content\/uploads\/2020\/04\/LogoCSIQI-SINFONDO.png","width":1533,"height":1532,"caption":"consultingsiqi\/Shop"},"image":{"@id":"https:\/\/consultingsiqi.com\/Shop\/#\/schema\/logo\/image\/"},"sameAs":["https:\/\/www.facebook.com\/ConsultigSIQI","https:\/\/twitter.com\/consultingsiqi","https:\/\/www.instagram.com\/consultingsiqi\/?hl=es-la","https:\/\/www.youtube.com\/channel\/UCvJm6kDCyZb0GLinsQHT64g"]}]}},"_links":{"self":[{"href":"https:\/\/consultingsiqi.com\/Shop\/wp-json\/wp\/v2\/product\/596"}],"collection":[{"href":"https:\/\/consultingsiqi.com\/Shop\/wp-json\/wp\/v2\/product"}],"about":[{"href":"https:\/\/consultingsiqi.com\/Shop\/wp-json\/wp\/v2\/types\/product"}],"replies":[{"embeddable":true,"href":"https:\/\/consultingsiqi.com\/Shop\/wp-json\/wp\/v2\/comments?post=596"}],"wp:attachment":[{"href":"https:\/\/consultingsiqi.com\/Shop\/wp-json\/wp\/v2\/media?parent=596"}],"wp:term":[{"taxonomy":"product_cat","embeddable":true,"href":"https:\/\/consultingsiqi.com\/Shop\/wp-json\/wp\/v2\/product_cat?post=596"},{"taxonomy":"product_tag","embeddable":true,"href":"https:\/\/consultingsiqi.com\/Shop\/wp-json\/wp\/v2\/product_tag?post=596"}],"curies":[{"name":"wp","href":"https:\/\/api.w.org\/{rel}","templated":true}]}}