{"id":497,"date":"2020-07-02T23:41:50","date_gmt":"2020-07-03T04:41:50","guid":{"rendered":"https:\/\/consultingsiqi.com\/Shop\/?post_type=product&#038;p=497"},"modified":"2022-04-27T22:06:46","modified_gmt":"2022-04-28T03:06:46","slug":"microsoft-365-personal","status":"publish","type":"product","link":"https:\/\/consultingsiqi.com\/Shop\/product\/microsoft-365-personal\/","title":{"rendered":"Microsoft 365 Personal &#8211; Licencia de suscripci\u00f3n (1 a\u00f1o) &#8211; 1 persona"},"content":{"rendered":"<p>Microsoft 365 Personal &#8211; Licencia de suscripci\u00f3n (1 a\u00f1o) &#8211; 1 persona<\/p>\n<div class=\"font-compact-12 items hidden-xs\">\n<ul>\n<li><strong>Da vida a tus ideas<\/strong><br \/>\nObt\u00e9n un impulso creativo de Microsoft 365 con sugerencias de edici\u00f3n y escritura en Word, perspectivas sobre los datos en Excel y opciones de dise\u00f1o, disposici\u00f3n y color en PowerPoint. Como suscriptor, tienes acceso a funcionalidades de asistencia inteligente y contenido premium en cada aplicaci\u00f3n.<\/li>\n<li><strong>Protege lo importante<\/strong><br \/>\nRespira tranquilo sabiendo que puedes hacer copias de seguridad de tus fotos y archivos y acceder a ellos en todos tus dispositivos con el almacenamiento en la nube en OneDrive. Adem\u00e1s, al tener tu propia carpeta Almac\u00e9n Personal de OneDrive, disfrutar\u00e1s de un nivel adicional de seguridad con la verificaci\u00f3n de la identidad en dos pasos para tus archivos m\u00e1s importantes.<\/li>\n<li><strong>Copia de seguridad de la carpeta equipo de OneDrive<\/strong><br \/>\nRealiza autom\u00e1ticamente una copia de seguridad de tus carpetas Escritorio, Documentos e Im\u00e1genes de tu PC Windows, para que tus archivos est\u00e9n seguros y puedas transferirlos f\u00e1cilmente a otro PC.<\/li>\n<li><strong>Organiza tu tiempo<\/strong><br \/>\nAhora puedes gestionar varios calendarios en una sola vista, ordenar r\u00e1pidamente los correos electr\u00f3nicos con la bandeja de entrada Prioritarios y utilizar Respuestas Sugeridas para enviar y seguir trabajando al instante. Incluso puedes hacer todo esto cuando est\u00e9s sin conexi\u00f3n para ir avanzando.<\/li>\n<\/ul>\n<p>Informaci\u00f3n sobre el producto facilitada por el fabricante<\/p>\n<h3>Microsoft 365 Personal<\/h3>\n<p>Aplicaciones Premium de productividad, almacenamiento extra en la nube, seguridad avanzada y m\u00e1s; todo en una \u00fanica y conveniente suscripci\u00f3n.<\/p>\n<h2 data-ccs-jumplink-container=\"true\">Medios<\/h2>\n<h3>Un lugar seguro para tus fotos y archivos<\/h3>\n<p>Con tu suscripci\u00f3n a Microsoft 365, obtienes 1 TB de almacenamiento en la nube de OneDrive. Eso es igual a 300,000 fotos, adem\u00e1s de todos tus documentos a los que puedes acceder, editar y compartir en todos tus dispositivos, mientras est\u00e1s tranquilo de que tus archivos siempre est\u00e1n respaldados y protegidos.<\/p>\n<p><br data-cnet-ccs-icb-annotation=\"true\" \/><br data-cnet-ccs-icb-annotation=\"true\" \/><\/p>\n<p data-cnet-ccs-icb-restrictions=\"style\" data-cnet-ccs-icb-annotation=\"true\">Qu\u00e9 hay de nuevo en Microsoft 365<\/p>\n<h3>Tu editor personal, con manejo de m\u00e1s de 80 idiomas<\/h3>\n<p>Convi\u00e9rtete en un mejor escritor en la web en m\u00e1s de 80 idiomas con el Editor de Microsoft, tu asistente de escritura inteligente. Editor es la misma funci\u00f3n de inteligencia artificial disponible en Microsoft Word que te ayuda a crear documentos de f\u00e1cil lectura.<\/p>\n<h3>Tu dinero organizado en un solo lugar<\/h3>\n<p>Con una suscripci\u00f3n de Microsoft 365, puedes conectar f\u00e1cilmente tus cuentas financieras usando Money en Excel<sup>2<\/sup>para ver y organizar tus finanzas en un solo lugar.<\/p>\n<h3>Pon en marcha tu creatividad<\/h3>\n<p>Logra m\u00e1s y mejora tu creatividad con acceso a un cat\u00e1logo creciente de plantillas Premium para Word, Excel y PowerPoint. Elige entre una rica variedad de alto impacto de fotos, \u00edconos, fuentes, modelos 3D y m\u00e1s para ayudar a darle vida a tu trabajo.<\/p>\n<h3>Conecta. Organiza. Haz m\u00e1s cosas.<\/h3>\n<p>Ahorra tiempo y conc\u00e9ntrate en lo que importa con Outlook: tu organizador personal. El dise\u00f1o simple e inteligente te ayuda a mantenerte conectado, leer tus correos electr\u00f3nicos m\u00e1s r\u00e1pido e ir de vuelta a tu vida fuera de tu bandeja de entrada.<\/p>\n<p><br data-cnet-ccs-icb-annotation=\"true\" \/><br data-cnet-ccs-icb-annotation=\"true\" \/><\/p>\n<p data-cnet-ccs-icb-restrictions=\"style\" data-cnet-ccs-icb-annotation=\"true\">Protege lo importante<\/p>\n<h3>Respaldar los archivos de tu PC nunca fue tan f\u00e1cil<\/h3>\n<p>Con al copia de seguridad de las carpetas de PC de OneDrive, puedes hacer un respaldo autom\u00e1tico de tu escritorio, documentos e im\u00e1genes de tu PC hacia OneDrive, para que siempre est\u00e9n protegidos, actualizados y disponibles en todos tus dispositivos.<\/p>\n<h3>La protecci\u00f3n se volvi\u00f3 un asunto personal<\/h3>\n<p>El Almac\u00e9n Personal es una carpeta protegida dentro de OneDrive a la que solo se puede acceder con un segundo paso de verificaci\u00f3n de identidad. Te da una capa de protecci\u00f3n adicional para tus archivos m\u00e1s importantes como tu pasaporte, licencia de conducir o la informaci\u00f3n de tu seguro.<\/p>\n<\/div>\n","protected":false},"excerpt":{"rendered":"<ul>\n<li>descarga ESD<\/li>\n<li>32\/64-bit<\/li>\n<li>Win, Mac, Android, iOS<\/li>\n<li>All Languages<\/li>\n<\/ul>\n","protected":false},"featured_media":498,"comment_status":"open","ping_status":"closed","template":"","meta":{"_seopress_robots_primary_cat":"none"},"product_cat":[56,100,102,55,101],"product_tag":[183],"yoast_head":"<!-- This site is optimized with the Yoast SEO plugin v21.6 - https:\/\/yoast.com\/wordpress\/plugins\/seo\/ -->\n<title>Disfruta de la mejor tecnolog\u00eda al mejor precio.<\/title>\n<meta name=\"description\" content=\"Microsoft 365 Personal - Licencia de suscripci\u00f3n (1 a\u00f1o) - 1 personaDa vida a tus ideas Obt\u00e9n un impulso creativo de Microsoft 365 con sugerencias de edici\u00f3n y escritura en Word, perspectivas sobre los datos en Excel y opciones de dise\u00f1o, disposici\u00f3n y color en PowerPoint. Como suscriptor, tienes acceso a funcionalidades de asistencia inteligente y contenido premium en cada aplicaci\u00f3n.\" \/>\n<meta name=\"robots\" content=\"index, follow, max-snippet:-1, max-image-preview:large, max-video-preview:-1\" \/>\n<link rel=\"canonical\" href=\"https:\/\/consultingsiqi.com\/Shop\/product\/microsoft-365-personal\/\" \/>\n<meta property=\"og:locale\" content=\"es_MX\" \/>\n<meta property=\"og:type\" content=\"article\" \/>\n<meta property=\"og:title\" content=\"Disfruta de la mejor tecnolog\u00eda al mejor precio.\" \/>\n<meta property=\"og:description\" content=\"Microsoft 365 Personal - Licencia de suscripci\u00f3n (1 a\u00f1o) - 1 personaDa vida a tus ideas Obt\u00e9n un impulso creativo de Microsoft 365 con sugerencias de edici\u00f3n y escritura en Word, perspectivas sobre los datos en Excel y opciones de dise\u00f1o, disposici\u00f3n y color en PowerPoint. Como suscriptor, tienes acceso a funcionalidades de asistencia inteligente y contenido premium en cada aplicaci\u00f3n.\" \/>\n<meta property=\"og:url\" content=\"https:\/\/consultingsiqi.com\/Shop\/product\/microsoft-365-personal\/\" \/>\n<meta property=\"og:site_name\" content=\"Csiqi Shop\" \/>\n<meta property=\"article:publisher\" content=\"https:\/\/www.facebook.com\/ConsultigSIQI\" \/>\n<meta property=\"article:modified_time\" content=\"2022-04-28T03:06:46+00:00\" \/>\n<meta property=\"og:image\" content=\"https:\/\/consultingsiqi.com\/Shop\/wp-content\/uploads\/2020\/07\/SE001MSE08.png\" \/>\n\t<meta property=\"og:image:width\" content=\"627\" \/>\n\t<meta property=\"og:image:height\" content=\"631\" \/>\n\t<meta property=\"og:image:type\" content=\"image\/png\" \/>\n<meta name=\"twitter:card\" content=\"summary_large_image\" \/>\n<meta name=\"twitter:site\" content=\"@consultingsiqi\" \/>\n<meta name=\"twitter:label1\" content=\"Tiempo de lectura\" \/>\n\t<meta name=\"twitter:data1\" content=\"3 minutos\" \/>\n<script type=\"application\/ld+json\" class=\"yoast-schema-graph\">{\"@context\":\"https:\/\/schema.org\",\"@graph\":[{\"@type\":\"WebPage\",\"@id\":\"https:\/\/consultingsiqi.com\/Shop\/product\/microsoft-365-personal\/\",\"url\":\"https:\/\/consultingsiqi.com\/Shop\/product\/microsoft-365-personal\/\",\"name\":\"Disfruta de la mejor tecnolog\u00eda al mejor precio.\",\"isPartOf\":{\"@id\":\"https:\/\/consultingsiqi.com\/Shop\/#website\"},\"datePublished\":\"2020-07-03T04:41:50+00:00\",\"dateModified\":\"2022-04-28T03:06:46+00:00\",\"description\":\"Microsoft 365 Personal - Licencia de suscripci\u00f3n (1 a\u00f1o) - 1 personaDa vida a tus ideas Obt\u00e9n un impulso creativo de Microsoft 365 con sugerencias de edici\u00f3n y escritura en Word, perspectivas sobre los datos en Excel y opciones de dise\u00f1o, disposici\u00f3n y color en PowerPoint. Como suscriptor, tienes acceso a funcionalidades de asistencia inteligente y contenido premium en cada aplicaci\u00f3n.\",\"breadcrumb\":{\"@id\":\"https:\/\/consultingsiqi.com\/Shop\/product\/microsoft-365-personal\/#breadcrumb\"},\"inLanguage\":\"es-MX\",\"potentialAction\":[{\"@type\":\"ReadAction\",\"target\":[\"https:\/\/consultingsiqi.com\/Shop\/product\/microsoft-365-personal\/\"]}]},{\"@type\":\"BreadcrumbList\",\"@id\":\"https:\/\/consultingsiqi.com\/Shop\/product\/microsoft-365-personal\/#breadcrumb\",\"itemListElement\":[{\"@type\":\"ListItem\",\"position\":1,\"name\":\"Home\",\"item\":\"https:\/\/consultingsiqi.com\/Shop\/\"},{\"@type\":\"ListItem\",\"position\":2,\"name\":\"Shop\",\"item\":\"https:\/\/consultingsiqi.com\/Shop\/shop\/\"},{\"@type\":\"ListItem\",\"position\":3,\"name\":\"Microsoft 365 Personal &#8211; Licencia de suscripci\u00f3n (1 a\u00f1o) &#8211; 1 persona\"}]},{\"@type\":\"WebSite\",\"@id\":\"https:\/\/consultingsiqi.com\/Shop\/#website\",\"url\":\"https:\/\/consultingsiqi.com\/Shop\/\",\"name\":\"Csiqi Shop\",\"description\":\"Disfruta de la mejor tecnolog\u00eda al mejor precio.\",\"publisher\":{\"@id\":\"https:\/\/consultingsiqi.com\/Shop\/#organization\"},\"potentialAction\":[{\"@type\":\"SearchAction\",\"target\":{\"@type\":\"EntryPoint\",\"urlTemplate\":\"https:\/\/consultingsiqi.com\/Shop\/?s={search_term_string}\"},\"query-input\":\"required name=search_term_string\"}],\"inLanguage\":\"es-MX\"},{\"@type\":\"Organization\",\"@id\":\"https:\/\/consultingsiqi.com\/Shop\/#organization\",\"name\":\"consultingsiqi\/Shop\",\"url\":\"https:\/\/consultingsiqi.com\/Shop\/\",\"logo\":{\"@type\":\"ImageObject\",\"inLanguage\":\"es-MX\",\"@id\":\"https:\/\/consultingsiqi.com\/Shop\/#\/schema\/logo\/image\/\",\"url\":\"https:\/\/consultingsiqi.com\/Shop\/wp-content\/uploads\/2020\/04\/LogoCSIQI-SINFONDO.png\",\"contentUrl\":\"https:\/\/consultingsiqi.com\/Shop\/wp-content\/uploads\/2020\/04\/LogoCSIQI-SINFONDO.png\",\"width\":1533,\"height\":1532,\"caption\":\"consultingsiqi\/Shop\"},\"image\":{\"@id\":\"https:\/\/consultingsiqi.com\/Shop\/#\/schema\/logo\/image\/\"},\"sameAs\":[\"https:\/\/www.facebook.com\/ConsultigSIQI\",\"https:\/\/twitter.com\/consultingsiqi\",\"https:\/\/www.instagram.com\/consultingsiqi\/?hl=es-la\",\"https:\/\/www.youtube.com\/channel\/UCvJm6kDCyZb0GLinsQHT64g\"]}]}<\/script>\n<!-- \/ Yoast SEO plugin. -->","yoast_head_json":{"title":"Disfruta de la mejor tecnolog\u00eda al mejor precio.","description":"Microsoft 365 Personal - Licencia de suscripci\u00f3n (1 a\u00f1o) - 1 personaDa vida a tus ideas Obt\u00e9n un impulso creativo de Microsoft 365 con sugerencias de edici\u00f3n y escritura en Word, perspectivas sobre los datos en Excel y opciones de dise\u00f1o, disposici\u00f3n y color en PowerPoint. Como suscriptor, tienes acceso a funcionalidades de asistencia inteligente y contenido premium en cada aplicaci\u00f3n.","robots":{"index":"index","follow":"follow","max-snippet":"max-snippet:-1","max-image-preview":"max-image-preview:large","max-video-preview":"max-video-preview:-1"},"canonical":"https:\/\/consultingsiqi.com\/Shop\/product\/microsoft-365-personal\/","og_locale":"es_MX","og_type":"article","og_title":"Disfruta de la mejor tecnolog\u00eda al mejor precio.","og_description":"Microsoft 365 Personal - Licencia de suscripci\u00f3n (1 a\u00f1o) - 1 personaDa vida a tus ideas Obt\u00e9n un impulso creativo de Microsoft 365 con sugerencias de edici\u00f3n y escritura en Word, perspectivas sobre los datos en Excel y opciones de dise\u00f1o, disposici\u00f3n y color en PowerPoint. Como suscriptor, tienes acceso a funcionalidades de asistencia inteligente y contenido premium en cada aplicaci\u00f3n.","og_url":"https:\/\/consultingsiqi.com\/Shop\/product\/microsoft-365-personal\/","og_site_name":"Csiqi Shop","article_publisher":"https:\/\/www.facebook.com\/ConsultigSIQI","article_modified_time":"2022-04-28T03:06:46+00:00","og_image":[{"width":627,"height":631,"url":"https:\/\/consultingsiqi.com\/Shop\/wp-content\/uploads\/2020\/07\/SE001MSE08.png","type":"image\/png"}],"twitter_card":"summary_large_image","twitter_site":"@consultingsiqi","twitter_misc":{"Tiempo de lectura":"3 minutos"},"schema":{"@context":"https:\/\/schema.org","@graph":[{"@type":"WebPage","@id":"https:\/\/consultingsiqi.com\/Shop\/product\/microsoft-365-personal\/","url":"https:\/\/consultingsiqi.com\/Shop\/product\/microsoft-365-personal\/","name":"Disfruta de la mejor tecnolog\u00eda al mejor precio.","isPartOf":{"@id":"https:\/\/consultingsiqi.com\/Shop\/#website"},"datePublished":"2020-07-03T04:41:50+00:00","dateModified":"2022-04-28T03:06:46+00:00","description":"Microsoft 365 Personal - Licencia de suscripci\u00f3n (1 a\u00f1o) - 1 personaDa vida a tus ideas Obt\u00e9n un impulso creativo de Microsoft 365 con sugerencias de edici\u00f3n y escritura en Word, perspectivas sobre los datos en Excel y opciones de dise\u00f1o, disposici\u00f3n y color en PowerPoint. Como suscriptor, tienes acceso a funcionalidades de asistencia inteligente y contenido premium en cada aplicaci\u00f3n.","breadcrumb":{"@id":"https:\/\/consultingsiqi.com\/Shop\/product\/microsoft-365-personal\/#breadcrumb"},"inLanguage":"es-MX","potentialAction":[{"@type":"ReadAction","target":["https:\/\/consultingsiqi.com\/Shop\/product\/microsoft-365-personal\/"]}]},{"@type":"BreadcrumbList","@id":"https:\/\/consultingsiqi.com\/Shop\/product\/microsoft-365-personal\/#breadcrumb","itemListElement":[{"@type":"ListItem","position":1,"name":"Home","item":"https:\/\/consultingsiqi.com\/Shop\/"},{"@type":"ListItem","position":2,"name":"Shop","item":"https:\/\/consultingsiqi.com\/Shop\/shop\/"},{"@type":"ListItem","position":3,"name":"Microsoft 365 Personal &#8211; Licencia de suscripci\u00f3n (1 a\u00f1o) &#8211; 1 persona"}]},{"@type":"WebSite","@id":"https:\/\/consultingsiqi.com\/Shop\/#website","url":"https:\/\/consultingsiqi.com\/Shop\/","name":"Csiqi Shop","description":"Disfruta de la mejor tecnolog\u00eda al mejor precio.","publisher":{"@id":"https:\/\/consultingsiqi.com\/Shop\/#organization"},"potentialAction":[{"@type":"SearchAction","target":{"@type":"EntryPoint","urlTemplate":"https:\/\/consultingsiqi.com\/Shop\/?s={search_term_string}"},"query-input":"required name=search_term_string"}],"inLanguage":"es-MX"},{"@type":"Organization","@id":"https:\/\/consultingsiqi.com\/Shop\/#organization","name":"consultingsiqi\/Shop","url":"https:\/\/consultingsiqi.com\/Shop\/","logo":{"@type":"ImageObject","inLanguage":"es-MX","@id":"https:\/\/consultingsiqi.com\/Shop\/#\/schema\/logo\/image\/","url":"https:\/\/consultingsiqi.com\/Shop\/wp-content\/uploads\/2020\/04\/LogoCSIQI-SINFONDO.png","contentUrl":"https:\/\/consultingsiqi.com\/Shop\/wp-content\/uploads\/2020\/04\/LogoCSIQI-SINFONDO.png","width":1533,"height":1532,"caption":"consultingsiqi\/Shop"},"image":{"@id":"https:\/\/consultingsiqi.com\/Shop\/#\/schema\/logo\/image\/"},"sameAs":["https:\/\/www.facebook.com\/ConsultigSIQI","https:\/\/twitter.com\/consultingsiqi","https:\/\/www.instagram.com\/consultingsiqi\/?hl=es-la","https:\/\/www.youtube.com\/channel\/UCvJm6kDCyZb0GLinsQHT64g"]}]}},"_links":{"self":[{"href":"https:\/\/consultingsiqi.com\/Shop\/wp-json\/wp\/v2\/product\/497"}],"collection":[{"href":"https:\/\/consultingsiqi.com\/Shop\/wp-json\/wp\/v2\/product"}],"about":[{"href":"https:\/\/consultingsiqi.com\/Shop\/wp-json\/wp\/v2\/types\/product"}],"replies":[{"embeddable":true,"href":"https:\/\/consultingsiqi.com\/Shop\/wp-json\/wp\/v2\/comments?post=497"}],"wp:featuredmedia":[{"embeddable":true,"href":"https:\/\/consultingsiqi.com\/Shop\/wp-json\/wp\/v2\/media\/498"}],"wp:attachment":[{"href":"https:\/\/consultingsiqi.com\/Shop\/wp-json\/wp\/v2\/media?parent=497"}],"wp:term":[{"taxonomy":"product_cat","embeddable":true,"href":"https:\/\/consultingsiqi.com\/Shop\/wp-json\/wp\/v2\/product_cat?post=497"},{"taxonomy":"product_tag","embeddable":true,"href":"https:\/\/consultingsiqi.com\/Shop\/wp-json\/wp\/v2\/product_tag?post=497"}],"curies":[{"name":"wp","href":"https:\/\/api.w.org\/{rel}","templated":true}]}}