{"id":399,"date":"2020-07-01T02:15:38","date_gmt":"2020-07-01T07:15:38","guid":{"rendered":"https:\/\/consultingsiqi.com\/Shop\/?post_type=product&#038;p=399"},"modified":"2022-04-27T22:49:26","modified_gmt":"2022-04-28T03:49:26","slug":"logitech-z906-sonido-envolvente-thx-5-1-500w","status":"publish","type":"product","link":"https:\/\/consultingsiqi.com\/Shop\/product\/logitech-z906-sonido-envolvente-thx-5-1-500w\/","title":{"rendered":"Logitech Z906 Sonido Envolvente THX 5.1 500W"},"content":{"rendered":"<div class=\"container\">\n<div class=\"teaser-copy-ctn\">\n<h4><\/h4>\n<h4 class=\"teaser-title\">Sonido con certificaci\u00f3n THX, Dolby Digital y DTS Digital<\/h4>\n<p class=\"teaser-overview\">Sum\u00e9rgete c\u00f3modamente en tu casa en una experiencia de audio con calidad de cine, con este sistema de altavoces 5.1. 1.000 vatios de potencia de pico\/500 vatios de potencia real (RMS) ofrecen un potente sonido envolvente con certificaci\u00f3n THX y proporcionan una experiencia de audio excepcional, dise\u00f1ada para descodificar y reproducir a la perfecci\u00f3n pistas de sonido Dolby Digital y DTS de m\u00fasica y pel\u00edculas.<\/p>\n<p>&nbsp;<\/p>\n<ul>\n<li class=\"key-features-item in-view\">\n<div class=\"key-features-media-ctn pull-left\">\n<div class=\"key-features-media\"><img decoding=\"async\" class=\"media-img alignleft\" src=\"https:\/\/www.logitech.com\/assets\/64697\/z906-surround-sound-speaker-system.jpg\" alt=\"\" width=\"320\" height=\"207\" \/><\/div>\n<\/div>\n<div class=\"key-features-copy-ctn\">\n<div class=\"key-features-copy\">\n<h4>Fant\u00e1stico sonido envolvente<\/h4>\n<p>Dise\u00f1ado para ofrecer un sonido cautivador y una experiencia perfecta desde el principio. Este sistema de altavoces 5.1 se ha optimizado al m\u00e1ximo para obtener la certificaci\u00f3n THX, y se ha dise\u00f1ado para descodificar pistas de sonido Dolby Digital y DTS y proporcionar una experiencia de audio excepcional.<\/p>\n<p>&nbsp;<\/p>\n<\/div>\n<\/div>\n<\/li>\n<li class=\"key-features-item in-view\">\n<div class=\"key-features-media-ctn pull-right\">\n<div class=\"key-features-media\"><img decoding=\"async\" class=\"media-img alignright\" src=\"https:\/\/www.logitech.com\/assets\/64697\/2\/z906-surround-sound-speaker-system.jpg\" alt=\"\" width=\"338\" height=\"218\" \/><\/div>\n<\/div>\n<div class=\"key-features-copy-ctn\">\n<div class=\"key-features-copy\">\n<h4>1.000 vatios de potente sonido<\/h4>\n<p>1.000 vatios de potencia de pico\/500 vatios RMS ofrecen audio pleno y graves potentes. Disfruta de todos los detalles sonoros, desde el clamor de la multitud hasta los pasos a tu espalda. Sonido que se oye y se siente.<\/p>\n<\/div>\n<\/div>\n<\/li>\n<\/ul>\n<p>&nbsp;<\/p>\n<div class=\"key-features-media-ctn pull-left\">\n<div class=\"key-features-media\"><img decoding=\"async\" class=\"media-img alignleft\" src=\"https:\/\/www.logitech.com\/assets\/64697\/3\/z906-surround-sound-speaker-system.jpg\" alt=\"\" width=\"310\" height=\"200\" \/><\/div>\n<\/div>\n<div class=\"key-features-copy-ctn\">\n<div class=\"key-features-copy\">\n<h3>Configuraci\u00f3n vers\u00e1til<\/h3>\n<p>Se admiten varias entradas simult\u00e1neas. Puedes conectar hasta seis dispositivos compatibles a trav\u00e9s de entradas de 3,5\u00a0mm, RCA, directas para seis canales, digitales coaxiales y \u00f3pticas. Elige la entrada de audio en la consola de control o en el remoto.<\/p>\n<\/div>\n<\/div>\n<div class=\"key-features-copy-ctn\">\n<div class=\"key-features-copy\"><\/div>\n<\/div>\n<div class=\"key-features-copy-ctn\">\n<div class=\"key-features-copy\">\n<h3>Controles integrados<\/h3>\n<p>Puedes ajustar de forma independiente el volumen de cada altavoz sat\u00e9lite y el subwoofer, y acceder f\u00e1cilmente a los controles de encendido y silencio, todo ello desde el panel de control o el remoto inal\u00e1mbrico.<\/p>\n<p>Define tu experiencia sonora seleccionando sonido envolvente 2.1, 4.1 o 3D.<\/p>\n<div class=\"tabs hidden-xs\">\n<div class=\"specs-header\">\n<h6>Especificaciones y detalles<\/h6>\n<\/div>\n<\/div>\n<div id=\"spec-accordion\" class=\"panel-group\" role=\"tablist\" aria-multiselectable=\"true\">\n<div class=\"panel panel-default\">\n<div id=\"collapse-one\" class=\"panel-collapse collapse in active\" role=\"tabpanel\" aria-labelledby=\"collapse-one\" aria-expanded=\"true\">\n<div class=\"panel-body tab-pane\">\n<ul class=\"tabs-list\" data-col=\"3\">\n<li class=\"tab-content-item clearfix\">Dimensiones\n<div class=\"feature-content clearfix\">\n<h4>Subwoofer<\/h4>\n<ul>\n<li>Altura x Anchura x Profundidad:<\/li>\n<li>293 mm x 281 mm x 319 mm<\/li>\n<\/ul>\n<div class=\"cell-group\">\n<ul>\n<li>Peso: 9 kg<\/li>\n<\/ul>\n<\/div>\n<div class=\"cell-group\">\n<h4>Altavoces sat\u00e9lite<\/h4>\n<ul>\n<li>Altura x Anchura x Profundidad:<\/li>\n<li>166.3 mm x 100.3 mm x 93.5 mm<\/li>\n<\/ul>\n<\/div>\n<div class=\"cell-group\">\n<ul>\n<li>Peso: .89 Kg<\/li>\n<\/ul>\n<\/div>\n<div class=\"cell-group\">\n<p>Canal central<\/p>\n<ul>\n<li>Altura x Anchura x Profundidad:<\/li>\n<li>100.3 mm x 166.3 mm x 93.5 mm<\/li>\n<\/ul>\n<\/div>\n<ul>\n<li>Peso: .89 Kg<\/li>\n<\/ul>\n<h4>Consola de control<\/h4>\n<ul>\n<li>Altura x Anchura x Profundidad:<\/li>\n<li>293 mm x 281 mm<\/li>\n<\/ul>\n<div class=\"cell-group\">\n<ul>\n<li>Peso: .50 Kg<\/li>\n<\/ul>\n<\/div>\n<div class=\"cell-group\">\n<p>Remoto inal\u00e1mbrico<\/p>\n<ul>\n<li>Altura x Anchura x Profundidad:<\/li>\n<li>111 mm x 43 mm x 18.9 mm<\/li>\n<\/ul>\n<\/div>\n<div class=\"cell-group\">\n<ul>\n<li>Peso: (sin bater\u00edas) 67 g<\/li>\n<\/ul>\n<\/div>\n<\/div>\n<\/li>\n<\/ul>\n<\/div>\n<\/div>\n<\/div>\n<\/div>\n<p>Requisitos del sistema<\/p>\n<div class=\"cell-group\">\n<h6>Funciona con cualquier dispositivo dotado de una entrada de toma de auriculares (3,5\u00a0mm), RCA, directa para seis canales, digital coaxial u \u00f3ptica<\/h6>\n<ul>\n<li style=\"list-style-type: none;\">\n<ul>\n<li>Televisor<\/li>\n<li>Computadora<\/li>\n<li>Smartphone<\/li>\n<li>Tablet<\/li>\n<li>Reproductor de m\u00fasica<\/li>\n<li>Reproductor de DVD<\/li>\n<li>Reproductor de Blu-ray<sup>\u2122<\/sup><\/li>\n<li>PlayStation<sup>\u00ae<\/sup><\/li>\n<li>Xbox<sup>\u00ae<\/sup><\/li>\n<li>Wii<sup>\u2122<\/sup><\/li>\n<\/ul>\n<\/li>\n<\/ul>\n<\/div>\n<\/div>\n<\/div>\n<p>&nbsp;<\/p>\n<\/div>\n<div><\/div>\n<\/div>\n","protected":false},"excerpt":{"rendered":"<p>El sistema de altavoces Z906 5.1 te proporciona una ac\u00fastica potente, digna de un cine, para todas tus pel\u00edculas, m\u00fasica y juegos.<\/p>\n","protected":false},"featured_media":400,"comment_status":"open","ping_status":"closed","template":"","meta":{"_seopress_robots_primary_cat":"none"},"product_cat":[65,66,76,56,55],"product_tag":[],"yoast_head":"<!-- This site is optimized with the Yoast SEO plugin v21.6 - https:\/\/yoast.com\/wordpress\/plugins\/seo\/ -->\n<title>Disfruta de la mejor tecnolog\u00eda al mejor precio.<\/title>\n<meta name=\"description\" content=\"Sonido con certificaci\u00f3n THX, Dolby Digital y DTS Digital Sum\u00e9rgete c\u00f3modamente en tu casa en una experiencia de audio con calidad de cine, con este sistema de altavoces 5.1. 1.000 vatios de potencia de pico\/500 vatios de potencia real (RMS) ofrecen un potente sonido envolvente con certificaci\u00f3n THX y proporcionan una experiencia de audio excepcional, dise\u00f1ada para descodificar y reproducir a la perfecci\u00f3n pistas de sonido Dolby Digital y DTS de m\u00fasica y pel\u00edculas.\" \/>\n<meta name=\"robots\" content=\"index, follow, max-snippet:-1, max-image-preview:large, max-video-preview:-1\" \/>\n<link rel=\"canonical\" href=\"https:\/\/consultingsiqi.com\/Shop\/product\/logitech-z906-sonido-envolvente-thx-5-1-500w\/\" \/>\n<meta property=\"og:locale\" content=\"es_MX\" \/>\n<meta property=\"og:type\" content=\"article\" \/>\n<meta property=\"og:title\" content=\"Disfruta de la mejor tecnolog\u00eda al mejor precio.\" \/>\n<meta property=\"og:description\" content=\"Sonido con certificaci\u00f3n THX, Dolby Digital y DTS Digital Sum\u00e9rgete c\u00f3modamente en tu casa en una experiencia de audio con calidad de cine, con este sistema de altavoces 5.1. 1.000 vatios de potencia de pico\/500 vatios de potencia real (RMS) ofrecen un potente sonido envolvente con certificaci\u00f3n THX y proporcionan una experiencia de audio excepcional, dise\u00f1ada para descodificar y reproducir a la perfecci\u00f3n pistas de sonido Dolby Digital y DTS de m\u00fasica y pel\u00edculas.\" \/>\n<meta property=\"og:url\" content=\"https:\/\/consultingsiqi.com\/Shop\/product\/logitech-z906-sonido-envolvente-thx-5-1-500w\/\" \/>\n<meta property=\"og:site_name\" content=\"Csiqi Shop\" \/>\n<meta property=\"article:publisher\" content=\"https:\/\/www.facebook.com\/ConsultigSIQI\" \/>\n<meta property=\"article:modified_time\" content=\"2022-04-28T03:49:26+00:00\" \/>\n<meta property=\"og:image\" content=\"https:\/\/consultingsiqi.com\/Shop\/wp-content\/uploads\/2020\/07\/980-000474.png\" \/>\n\t<meta property=\"og:image:width\" content=\"431\" \/>\n\t<meta property=\"og:image:height\" content=\"256\" \/>\n\t<meta property=\"og:image:type\" content=\"image\/png\" \/>\n<meta name=\"twitter:card\" content=\"summary_large_image\" \/>\n<meta name=\"twitter:site\" content=\"@consultingsiqi\" \/>\n<meta name=\"twitter:label1\" content=\"Tiempo de lectura\" \/>\n\t<meta name=\"twitter:data1\" content=\"2 minutos\" \/>\n<script type=\"application\/ld+json\" class=\"yoast-schema-graph\">{\"@context\":\"https:\/\/schema.org\",\"@graph\":[{\"@type\":\"WebPage\",\"@id\":\"https:\/\/consultingsiqi.com\/Shop\/product\/logitech-z906-sonido-envolvente-thx-5-1-500w\/\",\"url\":\"https:\/\/consultingsiqi.com\/Shop\/product\/logitech-z906-sonido-envolvente-thx-5-1-500w\/\",\"name\":\"Disfruta de la mejor tecnolog\u00eda al mejor precio.\",\"isPartOf\":{\"@id\":\"https:\/\/consultingsiqi.com\/Shop\/#website\"},\"datePublished\":\"2020-07-01T07:15:38+00:00\",\"dateModified\":\"2022-04-28T03:49:26+00:00\",\"description\":\"Sonido con certificaci\u00f3n THX, Dolby Digital y DTS Digital Sum\u00e9rgete c\u00f3modamente en tu casa en una experiencia de audio con calidad de cine, con este sistema de altavoces 5.1. 1.000 vatios de potencia de pico\/500 vatios de potencia real (RMS) ofrecen un potente sonido envolvente con certificaci\u00f3n THX y proporcionan una experiencia de audio excepcional, dise\u00f1ada para descodificar y reproducir a la perfecci\u00f3n pistas de sonido Dolby Digital y DTS de m\u00fasica y pel\u00edculas.\",\"breadcrumb\":{\"@id\":\"https:\/\/consultingsiqi.com\/Shop\/product\/logitech-z906-sonido-envolvente-thx-5-1-500w\/#breadcrumb\"},\"inLanguage\":\"es-MX\",\"potentialAction\":[{\"@type\":\"ReadAction\",\"target\":[\"https:\/\/consultingsiqi.com\/Shop\/product\/logitech-z906-sonido-envolvente-thx-5-1-500w\/\"]}]},{\"@type\":\"BreadcrumbList\",\"@id\":\"https:\/\/consultingsiqi.com\/Shop\/product\/logitech-z906-sonido-envolvente-thx-5-1-500w\/#breadcrumb\",\"itemListElement\":[{\"@type\":\"ListItem\",\"position\":1,\"name\":\"Home\",\"item\":\"https:\/\/consultingsiqi.com\/Shop\/\"},{\"@type\":\"ListItem\",\"position\":2,\"name\":\"Shop\",\"item\":\"https:\/\/consultingsiqi.com\/Shop\/shop\/\"},{\"@type\":\"ListItem\",\"position\":3,\"name\":\"Logitech Z906 Sonido Envolvente THX 5.1 500W\"}]},{\"@type\":\"WebSite\",\"@id\":\"https:\/\/consultingsiqi.com\/Shop\/#website\",\"url\":\"https:\/\/consultingsiqi.com\/Shop\/\",\"name\":\"Csiqi Shop\",\"description\":\"Disfruta de la mejor tecnolog\u00eda al mejor precio.\",\"publisher\":{\"@id\":\"https:\/\/consultingsiqi.com\/Shop\/#organization\"},\"potentialAction\":[{\"@type\":\"SearchAction\",\"target\":{\"@type\":\"EntryPoint\",\"urlTemplate\":\"https:\/\/consultingsiqi.com\/Shop\/?s={search_term_string}\"},\"query-input\":\"required name=search_term_string\"}],\"inLanguage\":\"es-MX\"},{\"@type\":\"Organization\",\"@id\":\"https:\/\/consultingsiqi.com\/Shop\/#organization\",\"name\":\"consultingsiqi\/Shop\",\"url\":\"https:\/\/consultingsiqi.com\/Shop\/\",\"logo\":{\"@type\":\"ImageObject\",\"inLanguage\":\"es-MX\",\"@id\":\"https:\/\/consultingsiqi.com\/Shop\/#\/schema\/logo\/image\/\",\"url\":\"https:\/\/consultingsiqi.com\/Shop\/wp-content\/uploads\/2020\/04\/LogoCSIQI-SINFONDO.png\",\"contentUrl\":\"https:\/\/consultingsiqi.com\/Shop\/wp-content\/uploads\/2020\/04\/LogoCSIQI-SINFONDO.png\",\"width\":1533,\"height\":1532,\"caption\":\"consultingsiqi\/Shop\"},\"image\":{\"@id\":\"https:\/\/consultingsiqi.com\/Shop\/#\/schema\/logo\/image\/\"},\"sameAs\":[\"https:\/\/www.facebook.com\/ConsultigSIQI\",\"https:\/\/twitter.com\/consultingsiqi\",\"https:\/\/www.instagram.com\/consultingsiqi\/?hl=es-la\",\"https:\/\/www.youtube.com\/channel\/UCvJm6kDCyZb0GLinsQHT64g\"]}]}<\/script>\n<!-- \/ Yoast SEO plugin. -->","yoast_head_json":{"title":"Disfruta de la mejor tecnolog\u00eda al mejor precio.","description":"Sonido con certificaci\u00f3n THX, Dolby Digital y DTS Digital Sum\u00e9rgete c\u00f3modamente en tu casa en una experiencia de audio con calidad de cine, con este sistema de altavoces 5.1. 1.000 vatios de potencia de pico\/500 vatios de potencia real (RMS) ofrecen un potente sonido envolvente con certificaci\u00f3n THX y proporcionan una experiencia de audio excepcional, dise\u00f1ada para descodificar y reproducir a la perfecci\u00f3n pistas de sonido Dolby Digital y DTS de m\u00fasica y pel\u00edculas.","robots":{"index":"index","follow":"follow","max-snippet":"max-snippet:-1","max-image-preview":"max-image-preview:large","max-video-preview":"max-video-preview:-1"},"canonical":"https:\/\/consultingsiqi.com\/Shop\/product\/logitech-z906-sonido-envolvente-thx-5-1-500w\/","og_locale":"es_MX","og_type":"article","og_title":"Disfruta de la mejor tecnolog\u00eda al mejor precio.","og_description":"Sonido con certificaci\u00f3n THX, Dolby Digital y DTS Digital Sum\u00e9rgete c\u00f3modamente en tu casa en una experiencia de audio con calidad de cine, con este sistema de altavoces 5.1. 1.000 vatios de potencia de pico\/500 vatios de potencia real (RMS) ofrecen un potente sonido envolvente con certificaci\u00f3n THX y proporcionan una experiencia de audio excepcional, dise\u00f1ada para descodificar y reproducir a la perfecci\u00f3n pistas de sonido Dolby Digital y DTS de m\u00fasica y pel\u00edculas.","og_url":"https:\/\/consultingsiqi.com\/Shop\/product\/logitech-z906-sonido-envolvente-thx-5-1-500w\/","og_site_name":"Csiqi Shop","article_publisher":"https:\/\/www.facebook.com\/ConsultigSIQI","article_modified_time":"2022-04-28T03:49:26+00:00","og_image":[{"width":431,"height":256,"url":"https:\/\/consultingsiqi.com\/Shop\/wp-content\/uploads\/2020\/07\/980-000474.png","type":"image\/png"}],"twitter_card":"summary_large_image","twitter_site":"@consultingsiqi","twitter_misc":{"Tiempo de lectura":"2 minutos"},"schema":{"@context":"https:\/\/schema.org","@graph":[{"@type":"WebPage","@id":"https:\/\/consultingsiqi.com\/Shop\/product\/logitech-z906-sonido-envolvente-thx-5-1-500w\/","url":"https:\/\/consultingsiqi.com\/Shop\/product\/logitech-z906-sonido-envolvente-thx-5-1-500w\/","name":"Disfruta de la mejor tecnolog\u00eda al mejor precio.","isPartOf":{"@id":"https:\/\/consultingsiqi.com\/Shop\/#website"},"datePublished":"2020-07-01T07:15:38+00:00","dateModified":"2022-04-28T03:49:26+00:00","description":"Sonido con certificaci\u00f3n THX, Dolby Digital y DTS Digital Sum\u00e9rgete c\u00f3modamente en tu casa en una experiencia de audio con calidad de cine, con este sistema de altavoces 5.1. 1.000 vatios de potencia de pico\/500 vatios de potencia real (RMS) ofrecen un potente sonido envolvente con certificaci\u00f3n THX y proporcionan una experiencia de audio excepcional, dise\u00f1ada para descodificar y reproducir a la perfecci\u00f3n pistas de sonido Dolby Digital y DTS de m\u00fasica y pel\u00edculas.","breadcrumb":{"@id":"https:\/\/consultingsiqi.com\/Shop\/product\/logitech-z906-sonido-envolvente-thx-5-1-500w\/#breadcrumb"},"inLanguage":"es-MX","potentialAction":[{"@type":"ReadAction","target":["https:\/\/consultingsiqi.com\/Shop\/product\/logitech-z906-sonido-envolvente-thx-5-1-500w\/"]}]},{"@type":"BreadcrumbList","@id":"https:\/\/consultingsiqi.com\/Shop\/product\/logitech-z906-sonido-envolvente-thx-5-1-500w\/#breadcrumb","itemListElement":[{"@type":"ListItem","position":1,"name":"Home","item":"https:\/\/consultingsiqi.com\/Shop\/"},{"@type":"ListItem","position":2,"name":"Shop","item":"https:\/\/consultingsiqi.com\/Shop\/shop\/"},{"@type":"ListItem","position":3,"name":"Logitech Z906 Sonido Envolvente THX 5.1 500W"}]},{"@type":"WebSite","@id":"https:\/\/consultingsiqi.com\/Shop\/#website","url":"https:\/\/consultingsiqi.com\/Shop\/","name":"Csiqi Shop","description":"Disfruta de la mejor tecnolog\u00eda al mejor precio.","publisher":{"@id":"https:\/\/consultingsiqi.com\/Shop\/#organization"},"potentialAction":[{"@type":"SearchAction","target":{"@type":"EntryPoint","urlTemplate":"https:\/\/consultingsiqi.com\/Shop\/?s={search_term_string}"},"query-input":"required name=search_term_string"}],"inLanguage":"es-MX"},{"@type":"Organization","@id":"https:\/\/consultingsiqi.com\/Shop\/#organization","name":"consultingsiqi\/Shop","url":"https:\/\/consultingsiqi.com\/Shop\/","logo":{"@type":"ImageObject","inLanguage":"es-MX","@id":"https:\/\/consultingsiqi.com\/Shop\/#\/schema\/logo\/image\/","url":"https:\/\/consultingsiqi.com\/Shop\/wp-content\/uploads\/2020\/04\/LogoCSIQI-SINFONDO.png","contentUrl":"https:\/\/consultingsiqi.com\/Shop\/wp-content\/uploads\/2020\/04\/LogoCSIQI-SINFONDO.png","width":1533,"height":1532,"caption":"consultingsiqi\/Shop"},"image":{"@id":"https:\/\/consultingsiqi.com\/Shop\/#\/schema\/logo\/image\/"},"sameAs":["https:\/\/www.facebook.com\/ConsultigSIQI","https:\/\/twitter.com\/consultingsiqi","https:\/\/www.instagram.com\/consultingsiqi\/?hl=es-la","https:\/\/www.youtube.com\/channel\/UCvJm6kDCyZb0GLinsQHT64g"]}]}},"_links":{"self":[{"href":"https:\/\/consultingsiqi.com\/Shop\/wp-json\/wp\/v2\/product\/399"}],"collection":[{"href":"https:\/\/consultingsiqi.com\/Shop\/wp-json\/wp\/v2\/product"}],"about":[{"href":"https:\/\/consultingsiqi.com\/Shop\/wp-json\/wp\/v2\/types\/product"}],"replies":[{"embeddable":true,"href":"https:\/\/consultingsiqi.com\/Shop\/wp-json\/wp\/v2\/comments?post=399"}],"wp:featuredmedia":[{"embeddable":true,"href":"https:\/\/consultingsiqi.com\/Shop\/wp-json\/wp\/v2\/media\/400"}],"wp:attachment":[{"href":"https:\/\/consultingsiqi.com\/Shop\/wp-json\/wp\/v2\/media?parent=399"}],"wp:term":[{"taxonomy":"product_cat","embeddable":true,"href":"https:\/\/consultingsiqi.com\/Shop\/wp-json\/wp\/v2\/product_cat?post=399"},{"taxonomy":"product_tag","embeddable":true,"href":"https:\/\/consultingsiqi.com\/Shop\/wp-json\/wp\/v2\/product_tag?post=399"}],"curies":[{"name":"wp","href":"https:\/\/api.w.org\/{rel}","templated":true}]}}