{"id":362,"date":"2020-06-23T14:08:37","date_gmt":"2020-06-23T14:08:37","guid":{"rendered":"https:\/\/consultingsiqi.com\/Shop\/?page_id=362"},"modified":"2020-06-23T14:09:39","modified_gmt":"2020-06-23T14:09:39","slug":"politica-de-ventas","status":"publish","type":"page","link":"https:\/\/consultingsiqi.com\/Shop\/politica-de-ventas\/","title":{"rendered":"Pol\u00edticas de Ventas"},"content":{"rendered":"\n<p>Se entender\u00e1 por comprador, aquella persona que adquiera o desee adquirir alguno de los productos que se encuentren expuestos en el sitio web. Se entender\u00e1 por cliente, aquella persona que adquiera o desee adquirir alguno de los servicios que se encuentren expuestos en el sitio web.<\/p>\n\n\n\n<p><strong>PAGOS<\/strong><\/p>\n\n\n\n<p>Los pagos se podr\u00e1n realizar con tarjeta de cr\u00e9dito o de d\u00e9bito, a trav\u00e9s de las plataformas de pago PayPal o Mercado Pago, quienes ser\u00e1n las \u00fanicas responsables de los datos suministrados por el comprador, ya que en ning\u00fan momento llegan a ser conocimiento de \u201c<strong>CSIQI (Consulting Specialized In Quality And Innovation)<\/strong>\u201d. Cualquier problema relacionado con el pago o un mal uso de este tipo de datos, PayPal o Mercado Pago, seg\u00fan corresponda, ser\u00e1 el \u00fanico responsable.<\/p>\n\n\n\n<p>Excepcionalmente, los pagos se podr\u00e1n realizar por transferencia bancaria SPEI o deposito en banco, pago en alg\u00fan comercio como lo es OXXO, 7Seven entre otros. \u201c<strong>CSIQI (Consulting Specialized In Quality And Innovation)\u201d<\/strong> enviar\u00e1 al cliente\/comprador los datos bancarios, pero no se har\u00e1 responsable ni gestionar\u00e1 cualquier error en su emisi\u00f3n. Todos los pagos se deber\u00e1n realizar en <strong>Pesos Mexicanos<\/strong>. Si la cuenta del cliente\/comprador est\u00e1 configurada en otra moneda, deber\u00e1 indicar que el pago salga en Peso Mexicano y cualquier comisi\u00f3n generada, deber\u00e1 ser asumida por el cliente\/comprador.<\/p>\n\n\n\n<p><strong>DESCUENTOS&nbsp;<\/strong><\/p>\n\n\n\n<p>Si existe alg\u00fan descuento aplicable, se aplicar\u00e1 antes de realizar la compra\/contrataci\u00f3n. Luego de que el pago sea procesado no se devolver\u00e1 el importe del descuento.<\/p>\n\n\n\n<p><strong>IMPUESTOS Y FACTURACI\u00d3N<\/strong><\/p>\n\n\n\n<p>Todos los impuestos y cargos relacionados con la compra\/contrataci\u00f3n se indicar\u00e1n antes de realizar el pago. Una vez efectuado el pago, en caso de requerir factura se solicitar\u00e1n los datos fiscales correspondientes para el envi\u00f3 de la misma, en la cual se incluir\u00e1n detalladamente los impuestos y cargos que sean aplicables.<\/p>\n\n\n\n<p><strong>CAMBIOS Y DEVOLUCIONES<\/strong><\/p>\n\n\n\n<p>Aparecer\u00e1n reflejados en cada p\u00e1gina de venta dependiendo del producto o servicio a adquirir.<\/p>\n\n\n\n<p><strong>GARANTIA.<\/strong><\/p>\n\n\n\n<p><strong>&nbsp;&nbsp;&nbsp;&nbsp;&nbsp;&nbsp;&nbsp;&nbsp;&nbsp;&nbsp;&nbsp; <\/strong>Las garant\u00edas deber\u00e1n ser aplicadas directamente con la marca del producto adquirido, usando sus canales oficiales de cada marca correspondiente y siguiendo el protocolo que define cada marca de acuerdo a sus pol\u00edticas vigentes en su p\u00e1gina oficial.<\/p>\n\n\n\n<p>&nbsp;&nbsp;&nbsp;&nbsp;&nbsp;&nbsp;&nbsp;&nbsp;&nbsp;&nbsp;&nbsp;&nbsp;&nbsp;&nbsp;&nbsp; En caso de requerir apoyo, <strong>CSIQI (Consulting Specialized In Quality And Innovation) <\/strong>apoyara \u00fanicamente proporcionando los canales adecuados para contacto a las marcas oficiales y hacer valido su garant\u00eda.<\/p>\n\n\n\n<p>&nbsp;&nbsp;&nbsp;&nbsp;&nbsp;&nbsp;&nbsp;&nbsp;&nbsp;&nbsp;&nbsp;&nbsp;&nbsp;&nbsp;&nbsp; <strong>CSIQI (Consulting Specialized In Quality And Innovation) <\/strong>se reserva el derecho y no es responsable si alguna marca no aplica la garant\u00eda correspondiente al producto en cuesti\u00f3n.<\/p>\n\n\n\n<p><strong>QUEJAS, DUDAS O SUGERENCIAS<\/strong><\/p>\n\n\n\n<p><strong>&nbsp;&nbsp;&nbsp;&nbsp;&nbsp;&nbsp;&nbsp;&nbsp;&nbsp;&nbsp;&nbsp; <\/strong>Para cualquier duda, aclaraci\u00f3n, queja y\/o sugerencias, favor de mandar correo a:<\/p>\n\n\n\n<p>&nbsp;&nbsp;&nbsp;&nbsp;&nbsp;&nbsp;&nbsp;&nbsp;&nbsp;&nbsp;&nbsp;&nbsp;&nbsp;&nbsp;&nbsp; <a href=\"mailto:ventas@maywayul.com\">ventas@consultingsiqi.com<\/a>.<\/p>\n\n\n\n<p>Indicando en asunto el objetivo del correo y en el cuerpo del mensaje los datos como son:<\/p>\n\n\n\n<ul><li>Nombre completo<\/li><li>Correo electr\u00f3nico<\/li><li>Tel\u00e9fono de contacto<\/li><li>Motivo y\/o raz\u00f3n del correo emitido<\/li><\/ul>\n","protected":false},"excerpt":{"rendered":"<p>Se entender\u00e1 por comprador, aquella persona que adquiera o desee adquirir alguno de los productos que se encuentren expuestos en el sitio web. Se entender\u00e1 por cliente, aquella persona que adquiera o desee adquirir alguno de los servicios que se encuentren expuestos en el sitio web. PAGOS Los pagos se&hellip; <\/p>\n","protected":false},"author":2,"featured_media":0,"parent":0,"menu_order":0,"comment_status":"closed","ping_status":"closed","template":"","meta":{"_seopress_robots_primary_cat":"","footnotes":""},"yoast_head":"<!-- This site is optimized with the Yoast SEO plugin v21.6 - https:\/\/yoast.com\/wordpress\/plugins\/seo\/ -->\n<title>Disfruta de la mejor tecnolog\u00eda al mejor precio.<\/title>\n<meta name=\"description\" content=\"Experiencias en Tecnologia, CsiqiShop te ofrece, experiencas en tecnologia, para que puedas comprar lo que necesitas y llguen directo hasta tu domicilio.\" \/>\n<meta name=\"robots\" content=\"index, follow, max-snippet:-1, max-image-preview:large, max-video-preview:-1\" \/>\n<link rel=\"canonical\" href=\"https:\/\/consultingsiqi.com\/Shop\/politica-de-ventas\/\" \/>\n<meta property=\"og:locale\" content=\"es_MX\" \/>\n<meta property=\"og:type\" content=\"article\" \/>\n<meta property=\"og:title\" content=\"Disfruta de la mejor tecnolog\u00eda al mejor precio.\" \/>\n<meta property=\"og:description\" content=\"Experiencias en Tecnologia, CsiqiShop te ofrece, experiencas en tecnologia, para que puedas comprar lo que necesitas y llguen directo hasta tu domicilio.\" \/>\n<meta property=\"og:url\" content=\"https:\/\/consultingsiqi.com\/Shop\/politica-de-ventas\/\" \/>\n<meta property=\"og:site_name\" content=\"Csiqi Shop\" \/>\n<meta property=\"article:publisher\" content=\"https:\/\/www.facebook.com\/ConsultigSIQI\" \/>\n<meta property=\"article:modified_time\" content=\"2020-06-23T14:09:39+00:00\" \/>\n<meta name=\"twitter:card\" content=\"summary_large_image\" \/>\n<meta name=\"twitter:site\" content=\"@consultingsiqi\" \/>\n<meta name=\"twitter:label1\" content=\"Tiempo de lectura\" \/>\n\t<meta name=\"twitter:data1\" content=\"3 minutos\" \/>\n<script type=\"application\/ld+json\" class=\"yoast-schema-graph\">{\"@context\":\"https:\/\/schema.org\",\"@graph\":[{\"@type\":\"WebPage\",\"@id\":\"https:\/\/consultingsiqi.com\/Shop\/politica-de-ventas\/\",\"url\":\"https:\/\/consultingsiqi.com\/Shop\/politica-de-ventas\/\",\"name\":\"Disfruta de la mejor tecnolog\u00eda al mejor precio.\",\"isPartOf\":{\"@id\":\"https:\/\/consultingsiqi.com\/Shop\/#website\"},\"datePublished\":\"2020-06-23T14:08:37+00:00\",\"dateModified\":\"2020-06-23T14:09:39+00:00\",\"description\":\"Experiencias en Tecnologia, CsiqiShop te ofrece, experiencas en tecnologia, para que puedas comprar lo que necesitas y llguen directo hasta tu domicilio.\",\"breadcrumb\":{\"@id\":\"https:\/\/consultingsiqi.com\/Shop\/politica-de-ventas\/#breadcrumb\"},\"inLanguage\":\"es-MX\",\"potentialAction\":[{\"@type\":\"ReadAction\",\"target\":[\"https:\/\/consultingsiqi.com\/Shop\/politica-de-ventas\/\"]}]},{\"@type\":\"BreadcrumbList\",\"@id\":\"https:\/\/consultingsiqi.com\/Shop\/politica-de-ventas\/#breadcrumb\",\"itemListElement\":[{\"@type\":\"ListItem\",\"position\":1,\"name\":\"Home\",\"item\":\"https:\/\/consultingsiqi.com\/Shop\/\"},{\"@type\":\"ListItem\",\"position\":2,\"name\":\"Pol\u00edticas de Ventas\"}]},{\"@type\":\"WebSite\",\"@id\":\"https:\/\/consultingsiqi.com\/Shop\/#website\",\"url\":\"https:\/\/consultingsiqi.com\/Shop\/\",\"name\":\"Csiqi Shop\",\"description\":\"Disfruta de la mejor tecnolog\u00eda al mejor precio.\",\"publisher\":{\"@id\":\"https:\/\/consultingsiqi.com\/Shop\/#organization\"},\"potentialAction\":[{\"@type\":\"SearchAction\",\"target\":{\"@type\":\"EntryPoint\",\"urlTemplate\":\"https:\/\/consultingsiqi.com\/Shop\/?s={search_term_string}\"},\"query-input\":\"required name=search_term_string\"}],\"inLanguage\":\"es-MX\"},{\"@type\":\"Organization\",\"@id\":\"https:\/\/consultingsiqi.com\/Shop\/#organization\",\"name\":\"consultingsiqi\/Shop\",\"url\":\"https:\/\/consultingsiqi.com\/Shop\/\",\"logo\":{\"@type\":\"ImageObject\",\"inLanguage\":\"es-MX\",\"@id\":\"https:\/\/consultingsiqi.com\/Shop\/#\/schema\/logo\/image\/\",\"url\":\"https:\/\/consultingsiqi.com\/Shop\/wp-content\/uploads\/2020\/04\/LogoCSIQI-SINFONDO.png\",\"contentUrl\":\"https:\/\/consultingsiqi.com\/Shop\/wp-content\/uploads\/2020\/04\/LogoCSIQI-SINFONDO.png\",\"width\":1533,\"height\":1532,\"caption\":\"consultingsiqi\/Shop\"},\"image\":{\"@id\":\"https:\/\/consultingsiqi.com\/Shop\/#\/schema\/logo\/image\/\"},\"sameAs\":[\"https:\/\/www.facebook.com\/ConsultigSIQI\",\"https:\/\/twitter.com\/consultingsiqi\",\"https:\/\/www.instagram.com\/consultingsiqi\/?hl=es-la\",\"https:\/\/www.youtube.com\/channel\/UCvJm6kDCyZb0GLinsQHT64g\"]}]}<\/script>\n<!-- \/ Yoast SEO plugin. -->","yoast_head_json":{"title":"Disfruta de la mejor tecnolog\u00eda al mejor precio.","description":"Experiencias en Tecnologia, CsiqiShop te ofrece, experiencas en tecnologia, para que puedas comprar lo que necesitas y llguen directo hasta tu domicilio.","robots":{"index":"index","follow":"follow","max-snippet":"max-snippet:-1","max-image-preview":"max-image-preview:large","max-video-preview":"max-video-preview:-1"},"canonical":"https:\/\/consultingsiqi.com\/Shop\/politica-de-ventas\/","og_locale":"es_MX","og_type":"article","og_title":"Disfruta de la mejor tecnolog\u00eda al mejor precio.","og_description":"Experiencias en Tecnologia, CsiqiShop te ofrece, experiencas en tecnologia, para que puedas comprar lo que necesitas y llguen directo hasta tu domicilio.","og_url":"https:\/\/consultingsiqi.com\/Shop\/politica-de-ventas\/","og_site_name":"Csiqi Shop","article_publisher":"https:\/\/www.facebook.com\/ConsultigSIQI","article_modified_time":"2020-06-23T14:09:39+00:00","twitter_card":"summary_large_image","twitter_site":"@consultingsiqi","twitter_misc":{"Tiempo de lectura":"3 minutos"},"schema":{"@context":"https:\/\/schema.org","@graph":[{"@type":"WebPage","@id":"https:\/\/consultingsiqi.com\/Shop\/politica-de-ventas\/","url":"https:\/\/consultingsiqi.com\/Shop\/politica-de-ventas\/","name":"Disfruta de la mejor tecnolog\u00eda al mejor precio.","isPartOf":{"@id":"https:\/\/consultingsiqi.com\/Shop\/#website"},"datePublished":"2020-06-23T14:08:37+00:00","dateModified":"2020-06-23T14:09:39+00:00","description":"Experiencias en Tecnologia, CsiqiShop te ofrece, experiencas en tecnologia, para que puedas comprar lo que necesitas y llguen directo hasta tu domicilio.","breadcrumb":{"@id":"https:\/\/consultingsiqi.com\/Shop\/politica-de-ventas\/#breadcrumb"},"inLanguage":"es-MX","potentialAction":[{"@type":"ReadAction","target":["https:\/\/consultingsiqi.com\/Shop\/politica-de-ventas\/"]}]},{"@type":"BreadcrumbList","@id":"https:\/\/consultingsiqi.com\/Shop\/politica-de-ventas\/#breadcrumb","itemListElement":[{"@type":"ListItem","position":1,"name":"Home","item":"https:\/\/consultingsiqi.com\/Shop\/"},{"@type":"ListItem","position":2,"name":"Pol\u00edticas de Ventas"}]},{"@type":"WebSite","@id":"https:\/\/consultingsiqi.com\/Shop\/#website","url":"https:\/\/consultingsiqi.com\/Shop\/","name":"Csiqi Shop","description":"Disfruta de la mejor tecnolog\u00eda al mejor precio.","publisher":{"@id":"https:\/\/consultingsiqi.com\/Shop\/#organization"},"potentialAction":[{"@type":"SearchAction","target":{"@type":"EntryPoint","urlTemplate":"https:\/\/consultingsiqi.com\/Shop\/?s={search_term_string}"},"query-input":"required name=search_term_string"}],"inLanguage":"es-MX"},{"@type":"Organization","@id":"https:\/\/consultingsiqi.com\/Shop\/#organization","name":"consultingsiqi\/Shop","url":"https:\/\/consultingsiqi.com\/Shop\/","logo":{"@type":"ImageObject","inLanguage":"es-MX","@id":"https:\/\/consultingsiqi.com\/Shop\/#\/schema\/logo\/image\/","url":"https:\/\/consultingsiqi.com\/Shop\/wp-content\/uploads\/2020\/04\/LogoCSIQI-SINFONDO.png","contentUrl":"https:\/\/consultingsiqi.com\/Shop\/wp-content\/uploads\/2020\/04\/LogoCSIQI-SINFONDO.png","width":1533,"height":1532,"caption":"consultingsiqi\/Shop"},"image":{"@id":"https:\/\/consultingsiqi.com\/Shop\/#\/schema\/logo\/image\/"},"sameAs":["https:\/\/www.facebook.com\/ConsultigSIQI","https:\/\/twitter.com\/consultingsiqi","https:\/\/www.instagram.com\/consultingsiqi\/?hl=es-la","https:\/\/www.youtube.com\/channel\/UCvJm6kDCyZb0GLinsQHT64g"]}]}},"_links":{"self":[{"href":"https:\/\/consultingsiqi.com\/Shop\/wp-json\/wp\/v2\/pages\/362"}],"collection":[{"href":"https:\/\/consultingsiqi.com\/Shop\/wp-json\/wp\/v2\/pages"}],"about":[{"href":"https:\/\/consultingsiqi.com\/Shop\/wp-json\/wp\/v2\/types\/page"}],"author":[{"embeddable":true,"href":"https:\/\/consultingsiqi.com\/Shop\/wp-json\/wp\/v2\/users\/2"}],"replies":[{"embeddable":true,"href":"https:\/\/consultingsiqi.com\/Shop\/wp-json\/wp\/v2\/comments?post=362"}],"version-history":[{"count":2,"href":"https:\/\/consultingsiqi.com\/Shop\/wp-json\/wp\/v2\/pages\/362\/revisions"}],"predecessor-version":[{"id":365,"href":"https:\/\/consultingsiqi.com\/Shop\/wp-json\/wp\/v2\/pages\/362\/revisions\/365"}],"wp:attachment":[{"href":"https:\/\/consultingsiqi.com\/Shop\/wp-json\/wp\/v2\/media?parent=362"}],"curies":[{"name":"wp","href":"https:\/\/api.w.org\/{rel}","templated":true}]}}