{"id":360,"date":"2020-06-23T14:06:10","date_gmt":"2020-06-23T14:06:10","guid":{"rendered":"https:\/\/consultingsiqi.com\/Shop\/?page_id=360"},"modified":"2020-06-23T14:06:10","modified_gmt":"2020-06-23T14:06:10","slug":"politicas-de-envio","status":"publish","type":"page","link":"https:\/\/consultingsiqi.com\/Shop\/politicas-de-envio\/","title":{"rendered":"Pol\u00edticas de Envi\u00f3"},"content":{"rendered":"\n<p><strong>ENV\u00cdO Y ADUANAS<\/strong><\/p>\n\n\n\n<p><strong>\u00bfCu\u00e1ndo se procesar\u00e1 mi pedido?<\/strong><\/p>\n\n\n\n<p>Todos los pedidos se manejan y se env\u00edan desde nuestro almac\u00e9n en CDMX. Por favor, espere un tiempo adicional para que su pedido sea procesado durante las vacaciones y las temporadas de rebajas. Procesamos pedidos de lunes a viernes. Los pedidos se procesar\u00e1n dentro de 3 a 5 d\u00edas h\u00e1biles <strong>una vez validado que el equipo y\/o producto se tenga en stock y se all\u00e1 validado el pago correspondiente<\/strong>, se enviar\u00e1n al d\u00eda siguiente despu\u00e9s de validar el pago. &nbsp;&nbsp;&nbsp;&nbsp;&nbsp;&nbsp;&nbsp;&nbsp;&nbsp;&nbsp;&nbsp;&nbsp;&nbsp; Tenga en cuenta que no enviamos los fines de semana, ni d\u00edas feriados.<br><br><strong>\u00bfCu\u00e1nto tiempo llevar\u00e1 recibir mi pedido?<\/strong><\/p>\n\n\n\n<p>Una vez que realice su pedido, espere de 3 a 5 d\u00edas h\u00e1biles para procesar sus pedidos. Despu\u00e9s de eso, tomar\u00e1 entre 12 y 20 d\u00edas h\u00e1biles para la entrega en los Estados Unidos, y entre 15 y 30 d\u00edas h\u00e1biles para los pedidos internacionales (seg\u00fan la ubicaci\u00f3n).<\/p>\n\n\n\n<p>Tome en cuenta que una vez entregada la gu\u00eda del envi\u00f3, los tiempos depender\u00e1n de la paqueter\u00eda encarga de realizar la entrega del mismo y de las condiciones ambientales, sociales o de otra \u00edndole.<br><br><strong>\u00bfMe cobrar\u00e1n impuestos y aduanas?&nbsp;<\/strong><\/p>\n\n\n\n<p>Los precios que se muestran en nuestro sitio est\u00e1n libres de impuestos en d\u00f3lares estadounidenses, lo que significa que es posible que deba pagar los aranceles e impuestos una vez que reciba su pedido. Los impuestos de importaci\u00f3n, aranceles y aranceles aduaneros relacionados se pueden cobrar una vez que su pedido llegue a su destino final, y lo determina su oficina de aduanas local. El pago de estos cargos e impuestos es su responsabilidad y no ser\u00e1 cubierto por nosotros. No somos responsables de los retrasos causados \u200b\u200bpor el departamento de aduanas de su pa\u00eds. Para obtener m\u00e1s detalles sobre los cargos, comun\u00edquese con su oficina de aduanas local.<\/p>\n\n\n\n<p><strong>\u00bfQu\u00e9 paqueter\u00eda se encargar\u00e1 de mi envi\u00f3?&nbsp;<\/strong><\/p>\n\n\n\n<p><strong>&nbsp;&nbsp;&nbsp;&nbsp;&nbsp;&nbsp;&nbsp;&nbsp;&nbsp;&nbsp;&nbsp;&nbsp;&nbsp;&nbsp;&nbsp; <\/strong>La paqueter\u00eda con la que trabajamos actualmente es <strong>DHL M\u00c9XICO, <\/strong>una paqueter\u00eda con reconocimiento mundial que brinda facilidades para estar tranquilo mientras su pedido llega a su destino, para mayor informaci\u00f3n puede consultar su p\u00e1gina: <a href=\"https:\/\/www.dhl.com\/mx-es\/home.html\" class=\"broken_link\">https:\/\/www.dhl.com\/mx-es\/home.html<\/a><\/p>\n\n\n\n<p><strong>\u00bfPuedo rastrear mi orden?<\/strong><\/p>\n\n\n\n<p>S\u00ed, recibir\u00e1s un mail de confirmaci\u00f3n con el n\u00famero de gu\u00eda de tu pedido, de este modo podr\u00e1s ver d\u00f3nde se encuentra.<\/p>\n\n\n\n<p>* Toma en cuenta que el tiempo estimado para realizar el rastreo de tu orden es de 24 horas despu\u00e9s de haber recibido tu confirmaci\u00f3n de env\u00edo.<\/p>\n\n\n\n<p><strong>Si yo no estoy \u00bfQui\u00e9n puede recibir mi pedido?<\/strong><\/p>\n\n\n\n<p>Las entregas son exactas a los domicilios proporcionados por el cliente, por lo que cualquier persona en el domicilio puede recibir el paquete.<\/p>\n\n\n\n<p>&nbsp;&nbsp;&nbsp;&nbsp;&nbsp;&nbsp;&nbsp;&nbsp;&nbsp;&nbsp;&nbsp;&nbsp;&nbsp;&nbsp;&nbsp; O en su defecto hablar con la paqueter\u00eda encarga del env\u00edo y si es posible y a\u00fan no est\u00e1n en ruta de entrega, reprogramar el env\u00edo.<\/p>\n\n\n\n<p><strong>\u00bfQu\u00e9 sucede despu\u00e9s de que hago mi orden en CSIQI?<\/strong><\/p>\n\n\n\n<p>Despu\u00e9s de haber completado el proceso de compra y validado el pago, nuestro centro de distribuci\u00f3n comenzar\u00e1 a suministrar tu pedido dentro de 24 horas h\u00e1biles. Una vez que tu orden este completa, recibir\u00e1s un mail de confirmaci\u00f3n.<\/p>\n\n\n\n<p>&nbsp;* Ten en cuenta que el env\u00edo no est\u00e1 disponible los fines de semana ni los d\u00edas festivos nacionales.<\/p>\n\n\n\n<p><strong>\u00bfCu\u00e1l es el proceso para recibir mi pedido?<\/strong><\/p>\n\n\n\n<p>Una vez que tu pedido es enviado, recibir\u00e1s un correo de confirmaci\u00f3n de env\u00edo que incluye tu n\u00famero de gu\u00eda para rastreo. <strong>CSIQI (Consulting Specialized In Quality And Innovation) <\/strong>no se hace responsable de los paquetes perdidos o robados si se confirma como entregado por parte de la compa\u00f1\u00eda de paqueter\u00eda. El cliente asume toda la responsabilidad por cualquier p\u00e9rdida o da\u00f1o de estos art\u00edculos.<\/p>\n\n\n\n<p><strong>Liberaciones<\/strong><\/p>\n\n\n\n<p>Pagos con dep\u00f3sito o transferencia<\/p>\n\n\n\n<p>En esta modalidad los productos que se encuentran en existencia se env\u00edan generalmente en 24 horas h\u00e1biles (de lunes a viernes) una vez comprobado su dep\u00f3sito y liberado su pedido.<\/p>\n\n\n\n<p>Para agilizar la liberaci\u00f3n es importante que notifique su pago por correo a:<\/p>\n\n\n\n<p><strong><a href=\"mailto:ventas@consultingsiqi.com\">ventas@consultingsiqi.com<\/a><\/strong><\/p>\n\n\n\n<p><strong>Colocando en Asunto el n\u00famero de orden y adjuntando el comprobante de pago, colocando en el cuerpo del mensaje, nombre, fecha del pago y tel\u00e9fono de contacto.<\/strong><\/p>\n\n\n\n<p><strong>Tiempo de Entrega<\/strong><\/p>\n\n\n\n<p>El tiempo de entrega del producto comienza al momento de Liberarse el pedido<\/p>\n\n\n\n<p>El tiempo estimado de entrega le ser\u00e1 proporcionado al concluir su pedido y ser\u00e1 confirmado a trav\u00e9s de correo electr\u00f3nico y\/o v\u00eda telef\u00f3nica.<\/p>\n\n\n\n<p><strong>Tiempo de Entrega de Productos en existencia<\/strong><\/p>\n\n\n\n<p>El tiempo de entrega de los productos en existencia depende de la liberaci\u00f3n de su pedido seg\u00fan el m\u00e9todo de pago y el tipo de env\u00edo seleccionado.<\/p>\n\n\n\n<p><strong>Tiempo de Entrega de Productos Sobre Pedido<\/strong><\/p>\n\n\n\n<p>El tiempo aproximado de entrega de productos sobre pedido es de 5 a 8 semanas, <strong>CSIQI (Consulting Specialized In Quality And Innovation) <\/strong>se mantiene en comunicaci\u00f3n con el proveedor o fabricante de los productos sobre pedido, sin embargo, por pol\u00edticas de estos proveedores o fabricantes ellos pueden decidir:<\/p>\n\n\n\n<p>&nbsp;&nbsp;&nbsp; No surtir alg\u00fan producto por sus pol\u00edticas comerciales o cualquier otra circunstancia ajena a nuestra empresa, en este caso se le notificar\u00e1 por correo electr\u00f3nico para que usted decida cambiar su producto por otro modelo o cancelar su pedido.<\/p>\n\n\n\n<p>&nbsp;&nbsp;&nbsp; Surtir el pedido en un mayor tiempo al estimado, en este caso se le notificara por correo electr\u00f3nico para que usted decida si desea seguir en espera o cancelar su pedido. Los pedidos pagados con m\u00e1s de 6 semanas cuentan con garant\u00eda de reembolso, lo que significa que usted podr\u00e1 solicitar la devoluci\u00f3n de lo pagado.<\/p>\n\n\n\n<p>Si su pedido incluye varios productos sobre pedido, se enviar\u00e1 al momento de estar todo su pedido completo, si usted necesita que se env\u00eden por separado se le cobrar\u00e1 un env\u00edo cada vez que se libere alg\u00fan producto de los almacenes.<\/p>\n","protected":false},"excerpt":{"rendered":"<p>ENV\u00cdO Y ADUANAS \u00bfCu\u00e1ndo se procesar\u00e1 mi pedido? Todos los pedidos se manejan y se env\u00edan desde nuestro almac\u00e9n en CDMX. Por favor, espere un tiempo adicional para que su pedido sea procesado durante las vacaciones y las temporadas de rebajas. Procesamos pedidos de lunes a viernes. Los pedidos se&hellip; <\/p>\n","protected":false},"author":2,"featured_media":0,"parent":0,"menu_order":0,"comment_status":"closed","ping_status":"closed","template":"","meta":{"_seopress_robots_primary_cat":"","footnotes":""},"yoast_head":"<!-- This site is optimized with the Yoast SEO plugin v21.6 - https:\/\/yoast.com\/wordpress\/plugins\/seo\/ -->\n<title>Disfruta de la mejor tecnolog\u00eda al mejor precio.<\/title>\n<meta name=\"description\" content=\"Experiencias en Tecnologia, CsiqiShop te ofrece, experiencas en tecnologia, para que puedas comprar lo que necesitas y llguen directo hasta tu domicilio.\" \/>\n<meta name=\"robots\" content=\"index, follow, max-snippet:-1, max-image-preview:large, max-video-preview:-1\" \/>\n<link rel=\"canonical\" href=\"https:\/\/consultingsiqi.com\/Shop\/politicas-de-envio\/\" \/>\n<meta property=\"og:locale\" content=\"es_MX\" \/>\n<meta property=\"og:type\" content=\"article\" \/>\n<meta property=\"og:title\" content=\"Disfruta de la mejor tecnolog\u00eda al mejor precio.\" \/>\n<meta property=\"og:description\" content=\"Experiencias en Tecnologia, CsiqiShop te ofrece, experiencas en tecnologia, para que puedas comprar lo que necesitas y llguen directo hasta tu domicilio.\" \/>\n<meta property=\"og:url\" content=\"https:\/\/consultingsiqi.com\/Shop\/politicas-de-envio\/\" \/>\n<meta property=\"og:site_name\" content=\"Csiqi Shop\" \/>\n<meta property=\"article:publisher\" content=\"https:\/\/www.facebook.com\/ConsultigSIQI\" \/>\n<meta name=\"twitter:card\" content=\"summary_large_image\" \/>\n<meta name=\"twitter:site\" content=\"@consultingsiqi\" \/>\n<meta name=\"twitter:label1\" content=\"Tiempo de lectura\" \/>\n\t<meta name=\"twitter:data1\" content=\"5 minutos\" \/>\n<script type=\"application\/ld+json\" class=\"yoast-schema-graph\">{\"@context\":\"https:\/\/schema.org\",\"@graph\":[{\"@type\":\"WebPage\",\"@id\":\"https:\/\/consultingsiqi.com\/Shop\/politicas-de-envio\/\",\"url\":\"https:\/\/consultingsiqi.com\/Shop\/politicas-de-envio\/\",\"name\":\"Disfruta de la mejor tecnolog\u00eda al mejor precio.\",\"isPartOf\":{\"@id\":\"https:\/\/consultingsiqi.com\/Shop\/#website\"},\"datePublished\":\"2020-06-23T14:06:10+00:00\",\"dateModified\":\"2020-06-23T14:06:10+00:00\",\"description\":\"Experiencias en Tecnologia, CsiqiShop te ofrece, experiencas en tecnologia, para que puedas comprar lo que necesitas y llguen directo hasta tu domicilio.\",\"breadcrumb\":{\"@id\":\"https:\/\/consultingsiqi.com\/Shop\/politicas-de-envio\/#breadcrumb\"},\"inLanguage\":\"es-MX\",\"potentialAction\":[{\"@type\":\"ReadAction\",\"target\":[\"https:\/\/consultingsiqi.com\/Shop\/politicas-de-envio\/\"]}]},{\"@type\":\"BreadcrumbList\",\"@id\":\"https:\/\/consultingsiqi.com\/Shop\/politicas-de-envio\/#breadcrumb\",\"itemListElement\":[{\"@type\":\"ListItem\",\"position\":1,\"name\":\"Home\",\"item\":\"https:\/\/consultingsiqi.com\/Shop\/\"},{\"@type\":\"ListItem\",\"position\":2,\"name\":\"Pol\u00edticas de Envi\u00f3\"}]},{\"@type\":\"WebSite\",\"@id\":\"https:\/\/consultingsiqi.com\/Shop\/#website\",\"url\":\"https:\/\/consultingsiqi.com\/Shop\/\",\"name\":\"Csiqi Shop\",\"description\":\"Disfruta de la mejor tecnolog\u00eda al mejor precio.\",\"publisher\":{\"@id\":\"https:\/\/consultingsiqi.com\/Shop\/#organization\"},\"potentialAction\":[{\"@type\":\"SearchAction\",\"target\":{\"@type\":\"EntryPoint\",\"urlTemplate\":\"https:\/\/consultingsiqi.com\/Shop\/?s={search_term_string}\"},\"query-input\":\"required name=search_term_string\"}],\"inLanguage\":\"es-MX\"},{\"@type\":\"Organization\",\"@id\":\"https:\/\/consultingsiqi.com\/Shop\/#organization\",\"name\":\"consultingsiqi\/Shop\",\"url\":\"https:\/\/consultingsiqi.com\/Shop\/\",\"logo\":{\"@type\":\"ImageObject\",\"inLanguage\":\"es-MX\",\"@id\":\"https:\/\/consultingsiqi.com\/Shop\/#\/schema\/logo\/image\/\",\"url\":\"https:\/\/consultingsiqi.com\/Shop\/wp-content\/uploads\/2020\/04\/LogoCSIQI-SINFONDO.png\",\"contentUrl\":\"https:\/\/consultingsiqi.com\/Shop\/wp-content\/uploads\/2020\/04\/LogoCSIQI-SINFONDO.png\",\"width\":1533,\"height\":1532,\"caption\":\"consultingsiqi\/Shop\"},\"image\":{\"@id\":\"https:\/\/consultingsiqi.com\/Shop\/#\/schema\/logo\/image\/\"},\"sameAs\":[\"https:\/\/www.facebook.com\/ConsultigSIQI\",\"https:\/\/twitter.com\/consultingsiqi\",\"https:\/\/www.instagram.com\/consultingsiqi\/?hl=es-la\",\"https:\/\/www.youtube.com\/channel\/UCvJm6kDCyZb0GLinsQHT64g\"]}]}<\/script>\n<!-- \/ Yoast SEO plugin. -->","yoast_head_json":{"title":"Disfruta de la mejor tecnolog\u00eda al mejor precio.","description":"Experiencias en Tecnologia, CsiqiShop te ofrece, experiencas en tecnologia, para que puedas comprar lo que necesitas y llguen directo hasta tu domicilio.","robots":{"index":"index","follow":"follow","max-snippet":"max-snippet:-1","max-image-preview":"max-image-preview:large","max-video-preview":"max-video-preview:-1"},"canonical":"https:\/\/consultingsiqi.com\/Shop\/politicas-de-envio\/","og_locale":"es_MX","og_type":"article","og_title":"Disfruta de la mejor tecnolog\u00eda al mejor precio.","og_description":"Experiencias en Tecnologia, CsiqiShop te ofrece, experiencas en tecnologia, para que puedas comprar lo que necesitas y llguen directo hasta tu domicilio.","og_url":"https:\/\/consultingsiqi.com\/Shop\/politicas-de-envio\/","og_site_name":"Csiqi Shop","article_publisher":"https:\/\/www.facebook.com\/ConsultigSIQI","twitter_card":"summary_large_image","twitter_site":"@consultingsiqi","twitter_misc":{"Tiempo de lectura":"5 minutos"},"schema":{"@context":"https:\/\/schema.org","@graph":[{"@type":"WebPage","@id":"https:\/\/consultingsiqi.com\/Shop\/politicas-de-envio\/","url":"https:\/\/consultingsiqi.com\/Shop\/politicas-de-envio\/","name":"Disfruta de la mejor tecnolog\u00eda al mejor precio.","isPartOf":{"@id":"https:\/\/consultingsiqi.com\/Shop\/#website"},"datePublished":"2020-06-23T14:06:10+00:00","dateModified":"2020-06-23T14:06:10+00:00","description":"Experiencias en Tecnologia, CsiqiShop te ofrece, experiencas en tecnologia, para que puedas comprar lo que necesitas y llguen directo hasta tu domicilio.","breadcrumb":{"@id":"https:\/\/consultingsiqi.com\/Shop\/politicas-de-envio\/#breadcrumb"},"inLanguage":"es-MX","potentialAction":[{"@type":"ReadAction","target":["https:\/\/consultingsiqi.com\/Shop\/politicas-de-envio\/"]}]},{"@type":"BreadcrumbList","@id":"https:\/\/consultingsiqi.com\/Shop\/politicas-de-envio\/#breadcrumb","itemListElement":[{"@type":"ListItem","position":1,"name":"Home","item":"https:\/\/consultingsiqi.com\/Shop\/"},{"@type":"ListItem","position":2,"name":"Pol\u00edticas de Envi\u00f3"}]},{"@type":"WebSite","@id":"https:\/\/consultingsiqi.com\/Shop\/#website","url":"https:\/\/consultingsiqi.com\/Shop\/","name":"Csiqi Shop","description":"Disfruta de la mejor tecnolog\u00eda al mejor precio.","publisher":{"@id":"https:\/\/consultingsiqi.com\/Shop\/#organization"},"potentialAction":[{"@type":"SearchAction","target":{"@type":"EntryPoint","urlTemplate":"https:\/\/consultingsiqi.com\/Shop\/?s={search_term_string}"},"query-input":"required name=search_term_string"}],"inLanguage":"es-MX"},{"@type":"Organization","@id":"https:\/\/consultingsiqi.com\/Shop\/#organization","name":"consultingsiqi\/Shop","url":"https:\/\/consultingsiqi.com\/Shop\/","logo":{"@type":"ImageObject","inLanguage":"es-MX","@id":"https:\/\/consultingsiqi.com\/Shop\/#\/schema\/logo\/image\/","url":"https:\/\/consultingsiqi.com\/Shop\/wp-content\/uploads\/2020\/04\/LogoCSIQI-SINFONDO.png","contentUrl":"https:\/\/consultingsiqi.com\/Shop\/wp-content\/uploads\/2020\/04\/LogoCSIQI-SINFONDO.png","width":1533,"height":1532,"caption":"consultingsiqi\/Shop"},"image":{"@id":"https:\/\/consultingsiqi.com\/Shop\/#\/schema\/logo\/image\/"},"sameAs":["https:\/\/www.facebook.com\/ConsultigSIQI","https:\/\/twitter.com\/consultingsiqi","https:\/\/www.instagram.com\/consultingsiqi\/?hl=es-la","https:\/\/www.youtube.com\/channel\/UCvJm6kDCyZb0GLinsQHT64g"]}]}},"_links":{"self":[{"href":"https:\/\/consultingsiqi.com\/Shop\/wp-json\/wp\/v2\/pages\/360"}],"collection":[{"href":"https:\/\/consultingsiqi.com\/Shop\/wp-json\/wp\/v2\/pages"}],"about":[{"href":"https:\/\/consultingsiqi.com\/Shop\/wp-json\/wp\/v2\/types\/page"}],"author":[{"embeddable":true,"href":"https:\/\/consultingsiqi.com\/Shop\/wp-json\/wp\/v2\/users\/2"}],"replies":[{"embeddable":true,"href":"https:\/\/consultingsiqi.com\/Shop\/wp-json\/wp\/v2\/comments?post=360"}],"version-history":[{"count":1,"href":"https:\/\/consultingsiqi.com\/Shop\/wp-json\/wp\/v2\/pages\/360\/revisions"}],"predecessor-version":[{"id":361,"href":"https:\/\/consultingsiqi.com\/Shop\/wp-json\/wp\/v2\/pages\/360\/revisions\/361"}],"wp:attachment":[{"href":"https:\/\/consultingsiqi.com\/Shop\/wp-json\/wp\/v2\/media?parent=360"}],"curies":[{"name":"wp","href":"https:\/\/api.w.org\/{rel}","templated":true}]}}