{"id":235,"date":"2019-03-19T06:44:04","date_gmt":"2019-03-19T06:44:04","guid":{"rendered":"https:\/\/demo.themefreesia.com\/shoppingcart\/?page_id=6"},"modified":"2020-07-16T20:02:01","modified_gmt":"2020-07-17T01:02:01","slug":"disfruta-de-la-mejor-tecnologia-al-mejor-precio","status":"publish","type":"page","link":"https:\/\/consultingsiqi.com\/Shop\/disfruta-de-la-mejor-tecnologia-al-mejor-precio\/","title":{"rendered":"Home"},"content":{"rendered":"","protected":false},"excerpt":{"rendered":"","protected":false},"author":2,"featured_media":0,"parent":0,"menu_order":0,"comment_status":"closed","ping_status":"closed","template":"page-templates\/shoppingcart-template.php","meta":{"_seopress_robots_primary_cat":"","footnotes":""},"yoast_head":"<!-- This site is optimized with the Yoast SEO plugin v21.6 - https:\/\/yoast.com\/wordpress\/plugins\/seo\/ -->\n<title>Disfruta de la mejor tecnolog\u00eda al mejor precio.<\/title>\n<meta name=\"description\" content=\"Disfruta de la mejor tecnolog\u00eda al mejor precio.Compra lo mejor en tecnolog\u00eda, electronica,gamers, tablets, laptops,accesorios, audio, video,\" \/>\n<meta name=\"robots\" content=\"index, follow, max-snippet:-1, max-image-preview:large, max-video-preview:-1\" \/>\n<link rel=\"canonical\" href=\"https:\/\/consultingsiqi.com\/Shop\/disfruta-de-la-mejor-tecnologia-al-mejor-precio\/\" \/>\n<meta property=\"og:locale\" content=\"es_MX\" \/>\n<meta property=\"og:type\" content=\"article\" \/>\n<meta property=\"og:title\" content=\"Disfruta de la mejor tecnolog\u00eda al mejor precio.\" \/>\n<meta property=\"og:description\" content=\"Disfruta de la mejor tecnolog\u00eda al mejor precio.Compra lo mejor en tecnolog\u00eda, electronica,gamers, tablets, laptops,accesorios, audio, video,\" \/>\n<meta property=\"og:url\" content=\"https:\/\/consultingsiqi.com\/Shop\/disfruta-de-la-mejor-tecnologia-al-mejor-precio\/\" \/>\n<meta property=\"og:site_name\" content=\"Csiqi Shop\" \/>\n<meta property=\"article:publisher\" content=\"https:\/\/www.facebook.com\/ConsultigSIQI\" \/>\n<meta property=\"article:modified_time\" content=\"2020-07-17T01:02:01+00:00\" \/>\n<meta name=\"twitter:card\" content=\"summary_large_image\" \/>\n<meta name=\"twitter:site\" content=\"@consultingsiqi\" \/>\n<script type=\"application\/ld+json\" class=\"yoast-schema-graph\">{\"@context\":\"https:\/\/schema.org\",\"@graph\":[{\"@type\":\"WebPage\",\"@id\":\"https:\/\/consultingsiqi.com\/Shop\/disfruta-de-la-mejor-tecnologia-al-mejor-precio\/\",\"url\":\"https:\/\/consultingsiqi.com\/Shop\/disfruta-de-la-mejor-tecnologia-al-mejor-precio\/\",\"name\":\"Disfruta de la mejor tecnolog\u00eda al mejor precio.\",\"isPartOf\":{\"@id\":\"https:\/\/consultingsiqi.com\/Shop\/#website\"},\"datePublished\":\"2019-03-19T06:44:04+00:00\",\"dateModified\":\"2020-07-17T01:02:01+00:00\",\"description\":\"Disfruta de la mejor tecnolog\u00eda al mejor precio.Compra lo mejor en tecnolog\u00eda, electronica,gamers, tablets, laptops,accesorios, audio, video,\",\"breadcrumb\":{\"@id\":\"https:\/\/consultingsiqi.com\/Shop\/disfruta-de-la-mejor-tecnologia-al-mejor-precio\/#breadcrumb\"},\"inLanguage\":\"es-MX\",\"potentialAction\":[{\"@type\":\"ReadAction\",\"target\":[\"https:\/\/consultingsiqi.com\/Shop\/disfruta-de-la-mejor-tecnologia-al-mejor-precio\/\"]}]},{\"@type\":\"BreadcrumbList\",\"@id\":\"https:\/\/consultingsiqi.com\/Shop\/disfruta-de-la-mejor-tecnologia-al-mejor-precio\/#breadcrumb\",\"itemListElement\":[{\"@type\":\"ListItem\",\"position\":1,\"name\":\"Home\",\"item\":\"https:\/\/consultingsiqi.com\/Shop\/\"},{\"@type\":\"ListItem\",\"position\":2,\"name\":\"Home\"}]},{\"@type\":\"WebSite\",\"@id\":\"https:\/\/consultingsiqi.com\/Shop\/#website\",\"url\":\"https:\/\/consultingsiqi.com\/Shop\/\",\"name\":\"Csiqi Shop\",\"description\":\"Disfruta de la mejor tecnolog\u00eda al mejor precio.\",\"publisher\":{\"@id\":\"https:\/\/consultingsiqi.com\/Shop\/#organization\"},\"potentialAction\":[{\"@type\":\"SearchAction\",\"target\":{\"@type\":\"EntryPoint\",\"urlTemplate\":\"https:\/\/consultingsiqi.com\/Shop\/?s={search_term_string}\"},\"query-input\":\"required name=search_term_string\"}],\"inLanguage\":\"es-MX\"},{\"@type\":\"Organization\",\"@id\":\"https:\/\/consultingsiqi.com\/Shop\/#organization\",\"name\":\"consultingsiqi\/Shop\",\"url\":\"https:\/\/consultingsiqi.com\/Shop\/\",\"logo\":{\"@type\":\"ImageObject\",\"inLanguage\":\"es-MX\",\"@id\":\"https:\/\/consultingsiqi.com\/Shop\/#\/schema\/logo\/image\/\",\"url\":\"https:\/\/consultingsiqi.com\/Shop\/wp-content\/uploads\/2020\/04\/LogoCSIQI-SINFONDO.png\",\"contentUrl\":\"https:\/\/consultingsiqi.com\/Shop\/wp-content\/uploads\/2020\/04\/LogoCSIQI-SINFONDO.png\",\"width\":1533,\"height\":1532,\"caption\":\"consultingsiqi\/Shop\"},\"image\":{\"@id\":\"https:\/\/consultingsiqi.com\/Shop\/#\/schema\/logo\/image\/\"},\"sameAs\":[\"https:\/\/www.facebook.com\/ConsultigSIQI\",\"https:\/\/twitter.com\/consultingsiqi\",\"https:\/\/www.instagram.com\/consultingsiqi\/?hl=es-la\",\"https:\/\/www.youtube.com\/channel\/UCvJm6kDCyZb0GLinsQHT64g\"]}]}<\/script>\n<!-- \/ Yoast SEO plugin. -->","yoast_head_json":{"title":"Disfruta de la mejor tecnolog\u00eda al mejor precio.","description":"Disfruta de la mejor tecnolog\u00eda al mejor precio.Compra lo mejor en tecnolog\u00eda, electronica,gamers, tablets, laptops,accesorios, audio, video,","robots":{"index":"index","follow":"follow","max-snippet":"max-snippet:-1","max-image-preview":"max-image-preview:large","max-video-preview":"max-video-preview:-1"},"canonical":"https:\/\/consultingsiqi.com\/Shop\/disfruta-de-la-mejor-tecnologia-al-mejor-precio\/","og_locale":"es_MX","og_type":"article","og_title":"Disfruta de la mejor tecnolog\u00eda al mejor precio.","og_description":"Disfruta de la mejor tecnolog\u00eda al mejor precio.Compra lo mejor en tecnolog\u00eda, electronica,gamers, tablets, laptops,accesorios, audio, video,","og_url":"https:\/\/consultingsiqi.com\/Shop\/disfruta-de-la-mejor-tecnologia-al-mejor-precio\/","og_site_name":"Csiqi Shop","article_publisher":"https:\/\/www.facebook.com\/ConsultigSIQI","article_modified_time":"2020-07-17T01:02:01+00:00","twitter_card":"summary_large_image","twitter_site":"@consultingsiqi","schema":{"@context":"https:\/\/schema.org","@graph":[{"@type":"WebPage","@id":"https:\/\/consultingsiqi.com\/Shop\/disfruta-de-la-mejor-tecnologia-al-mejor-precio\/","url":"https:\/\/consultingsiqi.com\/Shop\/disfruta-de-la-mejor-tecnologia-al-mejor-precio\/","name":"Disfruta de la mejor tecnolog\u00eda al mejor precio.","isPartOf":{"@id":"https:\/\/consultingsiqi.com\/Shop\/#website"},"datePublished":"2019-03-19T06:44:04+00:00","dateModified":"2020-07-17T01:02:01+00:00","description":"Disfruta de la mejor tecnolog\u00eda al mejor precio.Compra lo mejor en tecnolog\u00eda, electronica,gamers, tablets, laptops,accesorios, audio, video,","breadcrumb":{"@id":"https:\/\/consultingsiqi.com\/Shop\/disfruta-de-la-mejor-tecnologia-al-mejor-precio\/#breadcrumb"},"inLanguage":"es-MX","potentialAction":[{"@type":"ReadAction","target":["https:\/\/consultingsiqi.com\/Shop\/disfruta-de-la-mejor-tecnologia-al-mejor-precio\/"]}]},{"@type":"BreadcrumbList","@id":"https:\/\/consultingsiqi.com\/Shop\/disfruta-de-la-mejor-tecnologia-al-mejor-precio\/#breadcrumb","itemListElement":[{"@type":"ListItem","position":1,"name":"Home","item":"https:\/\/consultingsiqi.com\/Shop\/"},{"@type":"ListItem","position":2,"name":"Home"}]},{"@type":"WebSite","@id":"https:\/\/consultingsiqi.com\/Shop\/#website","url":"https:\/\/consultingsiqi.com\/Shop\/","name":"Csiqi Shop","description":"Disfruta de la mejor tecnolog\u00eda al mejor precio.","publisher":{"@id":"https:\/\/consultingsiqi.com\/Shop\/#organization"},"potentialAction":[{"@type":"SearchAction","target":{"@type":"EntryPoint","urlTemplate":"https:\/\/consultingsiqi.com\/Shop\/?s={search_term_string}"},"query-input":"required name=search_term_string"}],"inLanguage":"es-MX"},{"@type":"Organization","@id":"https:\/\/consultingsiqi.com\/Shop\/#organization","name":"consultingsiqi\/Shop","url":"https:\/\/consultingsiqi.com\/Shop\/","logo":{"@type":"ImageObject","inLanguage":"es-MX","@id":"https:\/\/consultingsiqi.com\/Shop\/#\/schema\/logo\/image\/","url":"https:\/\/consultingsiqi.com\/Shop\/wp-content\/uploads\/2020\/04\/LogoCSIQI-SINFONDO.png","contentUrl":"https:\/\/consultingsiqi.com\/Shop\/wp-content\/uploads\/2020\/04\/LogoCSIQI-SINFONDO.png","width":1533,"height":1532,"caption":"consultingsiqi\/Shop"},"image":{"@id":"https:\/\/consultingsiqi.com\/Shop\/#\/schema\/logo\/image\/"},"sameAs":["https:\/\/www.facebook.com\/ConsultigSIQI","https:\/\/twitter.com\/consultingsiqi","https:\/\/www.instagram.com\/consultingsiqi\/?hl=es-la","https:\/\/www.youtube.com\/channel\/UCvJm6kDCyZb0GLinsQHT64g"]}]}},"_links":{"self":[{"href":"https:\/\/consultingsiqi.com\/Shop\/wp-json\/wp\/v2\/pages\/235"}],"collection":[{"href":"https:\/\/consultingsiqi.com\/Shop\/wp-json\/wp\/v2\/pages"}],"about":[{"href":"https:\/\/consultingsiqi.com\/Shop\/wp-json\/wp\/v2\/types\/page"}],"author":[{"embeddable":true,"href":"https:\/\/consultingsiqi.com\/Shop\/wp-json\/wp\/v2\/users\/2"}],"replies":[{"embeddable":true,"href":"https:\/\/consultingsiqi.com\/Shop\/wp-json\/wp\/v2\/comments?post=235"}],"version-history":[{"count":1,"href":"https:\/\/consultingsiqi.com\/Shop\/wp-json\/wp\/v2\/pages\/235\/revisions"}],"predecessor-version":[{"id":635,"href":"https:\/\/consultingsiqi.com\/Shop\/wp-json\/wp\/v2\/pages\/235\/revisions\/635"}],"wp:attachment":[{"href":"https:\/\/consultingsiqi.com\/Shop\/wp-json\/wp\/v2\/media?parent=235"}],"curies":[{"name":"wp","href":"https:\/\/api.w.org\/{rel}","templated":true}]}}